{"id":538,"date":"2024-03-05T16:16:30","date_gmt":"2024-03-05T19:16:30","guid":{"rendered":"https:\/\/jupisa.net\/site\/?page_id=538"},"modified":"2024-03-05T19:13:56","modified_gmt":"2024-03-05T22:13:56","slug":"soueco","status":"publish","type":"page","link":"https:\/\/jupisa.net\/site\/portfolio\/soueco\/","title":{"rendered":"SouEco"},"content":{"rendered":"\n<div class=\"wp-block-columns is-layout-flex wp-container-core-columns-is-layout-9d6595d7 wp-block-columns-is-layout-flex\">\n<div class=\"wp-block-column is-layout-flow wp-block-column-is-layout-flow\" style=\"flex-basis:33.33%\">\n<h5 class=\"wp-block-heading has-neve-link-hover-color-color has-text-color has-link-color wp-elements-38bc0be90ceb84f15ef63e8ec11e4654\">Impresso &#8211; Freelancer<\/h5>\n\n\n\n<h2 class=\"wp-block-heading has-nv-c-2-color has-text-color has-link-color wp-elements-c1230ba3c1b2d892770a2f6bc0dc805a\">Desafio<\/h2>\n\n\n\n<p>Fazer um folheto elegante e simples com o material dispon\u00edvel e o cart\u00e3o de visita mantendo uma unidade visual com a marca j\u00e1 existente.<\/p>\n<\/div>\n\n\n\n<div class=\"wp-block-column is-layout-flow wp-block-column-is-layout-flow\" style=\"flex-basis:66.66%\"><div class=\"wp-block-image\">\n<figure class=\"aligncenter size-full is-resized\"><img fetchpriority=\"high\" decoding=\"async\" width=\"1906\" height=\"1701\" src=\"https:\/\/jupisa.net\/site\/wp-content\/uploads\/2024\/03\/souEco.png\" alt=\"\" class=\"wp-image-547\" style=\"width:303px;height:auto\" srcset=\"https:\/\/jupisa.net\/site\/wp-content\/uploads\/2024\/03\/souEco.png 1906w, https:\/\/jupisa.net\/site\/wp-content\/uploads\/2024\/03\/souEco-300x268.png 300w, https:\/\/jupisa.net\/site\/wp-content\/uploads\/2024\/03\/souEco-1024x914.png 1024w, https:\/\/jupisa.net\/site\/wp-content\/uploads\/2024\/03\/souEco-768x685.png 768w, https:\/\/jupisa.net\/site\/wp-content\/uploads\/2024\/03\/souEco-1536x1371.png 1536w\" sizes=\"(max-width: 1906px) 100vw, 1906px\" \/><\/figure>\n<\/div><\/div>\n<\/div>\n\n\n\n<hr class=\"wp-block-separator has-text-color has-nv-light-bg-color has-alpha-channel-opacity has-nv-light-bg-background-color has-background is-style-default\"\/>\n\n\n\n<h2 class=\"wp-block-heading has-nv-c-2-color has-text-color has-link-color wp-elements-384920d71ef6a463403786a5c30b8426\">Material<\/h2>\n\n\n\n<h4 class=\"wp-block-heading has-neve-link-hover-color-color has-text-color has-link-color wp-elements-afcef6644f8254cb4fd1a91d37edfbe8\">Cart\u00e3o de visita<\/h4>\n\n\n\n<div class=\"wp-block-columns is-layout-flex wp-container-core-columns-is-layout-9d6595d7 wp-block-columns-is-layout-flex\">\n<div class=\"wp-block-column is-layout-flow wp-block-column-is-layout-flow\" style=\"flex-basis:50%\">\n<p>Cart\u00e3o de visita com verniz de reserva no logotipo. A impress\u00e3o por conta do cliente, por foi enviado al\u00e9m das especifica\u00e7\u00f5es de impress\u00e3o, algumas sugest\u00f5es de acabamento ou finaliza\u00e7\u00e3o.<\/p>\n\n\n\n<p>Formato: 90 x 48 mm<br>Impress\u00e3o: Frente e Verso<br>Cores: 4&#215;4 (colorido)<br>Papel: Couch\u00e9 Fosco 300g<br>Acabamento: Refile<br>Enobrecimento: Lamina\u00e7\u00e3o Fosca<br>Extras: Verniz UV Local<\/p>\n<\/div>\n\n\n\n<div class=\"wp-block-column is-layout-flow wp-block-column-is-layout-flow\" style=\"flex-basis:50%\">\n<div class=\"wp-block-essential-blocks-advanced-image\"><div class=\"eb-parent-wrapper eb-parent-eb-advanced-image-klyte \"><figure class=\"eb-advanced-image-wrapper eb-advanced-image-klyte img-style-rounded caption-style-1 caption-horizontal-center caption-vertical-bottom bottom no-effect\" data-id=\"eb-advanced-image-klyte\"><div class=\"image-wrapper\"><img decoding=\"async\" src=\"https:\/\/jupisa.net\/site\/wp-content\/uploads\/2024\/03\/cartao_visita.png\" alt=\"\"\/><\/div><\/figure><\/div><\/div>\n<\/div>\n<\/div>\n\n\n\n<h4 class=\"wp-block-heading has-neve-link-hover-color-color has-text-color has-link-color wp-elements-c69bda416fbd93c04b0892173e8c5f22\">Folheto<\/h4>\n\n\n\n<div class=\"wp-block-columns is-layout-flex wp-container-core-columns-is-layout-9d6595d7 wp-block-columns-is-layout-flex\">\n<div class=\"wp-block-column is-layout-flow wp-block-column-is-layout-flow\">\n<p> A impress\u00e3o por conta do cliente, por foi enviado al\u00e9m das especifica\u00e7\u00f5es de impress\u00e3o, algumas sugest\u00f5es de acabamento ou finaliza\u00e7\u00e3o.<\/p>\n\n\n\n<p>Formato aberto: 30 x 15 cm<br>Formato fechado: 15 x 15 cm<br>1 dobra central,  com vinco<br>cores: 4&#215;4 (frente e verso)<br>sangria de 5mm<br>Couch\u00e9 Fosco 250g\/cm2<br>(tamb\u00e9m pode ser offset, mas com gramatura alta &#8211; mais de 200g)<br>Lamina\u00e7\u00e3o fosca<\/p>\n<\/div>\n\n\n\n<div class=\"wp-block-column is-layout-flow wp-block-column-is-layout-flow\">\n<div class=\"wp-block-essential-blocks-advanced-image\"><div class=\"eb-parent-wrapper eb-parent-eb-advanced-image-malz5 \"><figure class=\"eb-advanced-image-wrapper eb-advanced-image-malz5 img-style-rounded caption-style-1 caption-horizontal-center caption-vertical-bottom bottom no-effect\" data-id=\"eb-advanced-image-malz5\"><div class=\"image-wrapper\"><img decoding=\"async\" src=\"https:\/\/jupisa.net\/site\/wp-content\/uploads\/2024\/03\/folder1x1_fundo.png\" alt=\"\"\/><\/div><\/figure><\/div><\/div>\n<\/div>\n<\/div>\n\n\n\n<h4 class=\"wp-block-heading has-neve-link-hover-color-color has-text-color has-link-color wp-elements-00aaa2ffc47a6dc6c53df640690bb8a1\">Adesivo imantado<\/h4>\n\n\n\n<div class=\"wp-block-columns is-layout-flex wp-container-core-columns-is-layout-9d6595d7 wp-block-columns-is-layout-flex\">\n<div class=\"wp-block-column is-layout-flow wp-block-column-is-layout-flow\">\n<p>O Adesivo imantado foi aplicado no carro.  A impress\u00e3o por conta do cliente, por foi enviado al\u00e9m das especifica\u00e7\u00f5es de impress\u00e3o, algumas sugest\u00f5es de acabamento ou finaliza\u00e7\u00e3o.<\/p>\n<\/div>\n\n\n\n<div class=\"wp-block-column is-layout-flow wp-block-column-is-layout-flow\">\n<div class=\"wp-block-essential-blocks-advanced-image\"><div class=\"eb-parent-wrapper eb-parent-eb-advanced-image-4x5eu \"><figure class=\"eb-advanced-image-wrapper eb-advanced-image-4x5eu img-style-rounded caption-style-1 caption-horizontal-center caption-vertical-bottom bottom no-effect\" data-id=\"eb-advanced-image-4x5eu\"><div class=\"image-wrapper\"><img decoding=\"async\" src=\"https:\/\/jupisa.net\/site\/wp-content\/uploads\/2024\/03\/opcao4-80.jpg\" alt=\"\"\/><\/div><\/figure><\/div><\/div>\n<\/div>\n<\/div>\n","protected":false},"excerpt":{"rendered":"<p>Impresso &#8211; Freelancer Desafio Fazer um folheto elegante e simples com o material dispon\u00edvel e o cart\u00e3o de visita mantendo uma unidade visual com a marca j\u00e1 existente. Material Cart\u00e3o de visita Cart\u00e3o de visita com verniz de reserva no logotipo. A impress\u00e3o por conta do cliente, por foi enviado al\u00e9m das especifica\u00e7\u00f5es de impress\u00e3o,&hellip;&nbsp;<a href=\"https:\/\/jupisa.net\/site\/portfolio\/soueco\/\" class=\"\" rel=\"bookmark\">Continue a ler &raquo;<span class=\"screen-reader-text\">SouEco<\/span><\/a><\/p>\n","protected":false},"author":1,"featured_media":382,"parent":512,"menu_order":0,"comment_status":"closed","ping_status":"closed","template":"","meta":{"_eb_attr":"","neve_meta_sidebar":"","neve_meta_container":"","neve_meta_enable_content_width":"","neve_meta_content_width":0,"neve_meta_title_alignment":"","neve_meta_author_avatar":"","neve_post_elements_order":"","neve_meta_disable_header":"","neve_meta_disable_footer":"","neve_meta_disable_title":"","footnotes":""},"class_list":["post-538","page","type-page","status-publish","has-post-thumbnail","hentry"],"_links":{"self":[{"href":"https:\/\/jupisa.net\/site\/wp-json\/wp\/v2\/pages\/538","targetHints":{"allow":["GET"]}}],"collection":[{"href":"https:\/\/jupisa.net\/site\/wp-json\/wp\/v2\/pages"}],"about":[{"href":"https:\/\/jupisa.net\/site\/wp-json\/wp\/v2\/types\/page"}],"author":[{"embeddable":true,"href":"https:\/\/jupisa.net\/site\/wp-json\/wp\/v2\/users\/1"}],"replies":[{"embeddable":true,"href":"https:\/\/jupisa.net\/site\/wp-json\/wp\/v2\/comments?post=538"}],"version-history":[{"count":5,"href":"https:\/\/jupisa.net\/site\/wp-json\/wp\/v2\/pages\/538\/revisions"}],"predecessor-version":[{"id":576,"href":"https:\/\/jupisa.net\/site\/wp-json\/wp\/v2\/pages\/538\/revisions\/576"}],"up":[{"embeddable":true,"href":"https:\/\/jupisa.net\/site\/wp-json\/wp\/v2\/pages\/512"}],"wp:featuredmedia":[{"embeddable":true,"href":"https:\/\/jupisa.net\/site\/wp-json\/wp\/v2\/media\/382"}],"wp:attachment":[{"href":"https:\/\/jupisa.net\/site\/wp-json\/wp\/v2\/media?parent=538"}],"curies":[{"name":"wp","href":"https:\/\/api.w.org\/{rel}","templated":true}]}}