{"id":512,"date":"2024-03-04T14:41:22","date_gmt":"2024-03-04T17:41:22","guid":{"rendered":"https:\/\/jupisa.net\/site\/?page_id=512"},"modified":"2024-03-05T18:44:09","modified_gmt":"2024-03-05T21:44:09","slug":"portfolio","status":"publish","type":"page","link":"https:\/\/jupisa.net\/site\/portfolio\/","title":{"rendered":"Portfolio"},"content":{"rendered":"\t\t<div data-elementor-type=\"wp-page\" data-elementor-id=\"512\" class=\"elementor elementor-512\">\n\t\t\t\t\t\t<section class=\"elementor-section elementor-top-section elementor-element elementor-element-bc462a4 elementor-section-boxed elementor-section-height-default elementor-section-height-default\" data-id=\"bc462a4\" data-element_type=\"section\">\n\t\t\t\t\t\t<div class=\"elementor-container elementor-column-gap-default\">\n\t\t\t\t\t<div class=\"elementor-column elementor-col-33 elementor-top-column elementor-element elementor-element-870c437\" data-id=\"870c437\" data-element_type=\"column\" data-settings=\"{&quot;background_background&quot;:&quot;classic&quot;}\">\n\t\t\t<div class=\"elementor-widget-wrap elementor-element-populated\">\n\t\t\t\t\t\t<div class=\"elementor-element elementor-element-5b9b682 elementor-widget elementor-widget-image\" data-id=\"5b9b682\" data-element_type=\"widget\" data-widget_type=\"image.default\">\n\t\t\t\t<div class=\"elementor-widget-container\">\n\t\t\t<style>\/*! elementor - v3.23.0 - 25-07-2024 *\/\n.elementor-widget-image{text-align:center}.elementor-widget-image a{display:inline-block}.elementor-widget-image a img[src$=\".svg\"]{width:48px}.elementor-widget-image img{vertical-align:middle;display:inline-block}<\/style>\t\t\t\t\t\t\t\t\t\t\t<a href=\"https:\/\/jupisa.net\/site\/visione\/\">\n\t\t\t\t\t\t\t<img decoding=\"async\" src=\"https:\/\/jupisa.net\/site\/wp-content\/uploads\/elementor\/thumbs\/visione-2-qrvi35dhflstcer9fllwzo2qayensxzy0you02noxs.png\" title=\"visione-2\" alt=\"visione-2\" loading=\"lazy\" \/>\t\t\t\t\t\t\t\t<\/a>\n\t\t\t\t\t\t\t\t\t\t\t\t\t<\/div>\n\t\t\t\t<\/div>\n\t\t\t\t\t<\/div>\n\t\t<\/div>\n\t\t\t\t<div class=\"elementor-column elementor-col-66 elementor-top-column elementor-element elementor-element-4ddbfb3\" data-id=\"4ddbfb3\" data-element_type=\"column\">\n\t\t\t<div class=\"elementor-widget-wrap elementor-element-populated\">\n\t\t\t\t\t\t<div class=\"elementor-element elementor-element-a992590 elementor-widget elementor-widget-text-editor\" data-id=\"a992590\" data-element_type=\"widget\" data-widget_type=\"text-editor.default\">\n\t\t\t\t<div class=\"elementor-widget-container\">\n\t\t\t<style>\/*! elementor - v3.23.0 - 25-07-2024 *\/\n.elementor-widget-text-editor.elementor-drop-cap-view-stacked .elementor-drop-cap{background-color:#69727d;color:#fff}.elementor-widget-text-editor.elementor-drop-cap-view-framed .elementor-drop-cap{color:#69727d;border:3px solid;background-color:transparent}.elementor-widget-text-editor:not(.elementor-drop-cap-view-default) .elementor-drop-cap{margin-top:8px}.elementor-widget-text-editor:not(.elementor-drop-cap-view-default) .elementor-drop-cap-letter{width:1em;height:1em}.elementor-widget-text-editor .elementor-drop-cap{float:left;text-align:center;line-height:1;font-size:50px}.elementor-widget-text-editor .elementor-drop-cap-letter{display:inline-block}<\/style>\t\t\t\t<h3>VisiOne<\/h3>\n<h6><strong>UX \/ UI<\/strong><\/h6>\n<p>Teste de vis\u00e3o online para clientes e captura de leads em site de \u00f3tica.<\/p>\n<p><a href=\"https:\/\/jupisa.net\/site\/visione\/\">ver detalhes<\/a><\/p>\t\t\t\t\t\t<\/div>\n\t\t\t\t<\/div>\n\t\t\t\t\t<\/div>\n\t\t<\/div>\n\t\t\t\t\t<\/div>\n\t\t<\/section>\n\t\t\t\t<section class=\"elementor-section elementor-top-section elementor-element elementor-element-b158b6d elementor-section-boxed elementor-section-height-default elementor-section-height-default\" data-id=\"b158b6d\" data-element_type=\"section\">\n\t\t\t\t\t\t<div class=\"elementor-container elementor-column-gap-default\">\n\t\t\t\t\t<div class=\"elementor-column elementor-col-33 elementor-top-column elementor-element elementor-element-2071160\" data-id=\"2071160\" data-element_type=\"column\">\n\t\t\t<div class=\"elementor-widget-wrap elementor-element-populated\">\n\t\t\t\t\t\t<div class=\"elementor-element elementor-element-e5b1eee elementor-widget elementor-widget-image\" data-id=\"e5b1eee\" data-element_type=\"widget\" data-widget_type=\"image.default\">\n\t\t\t\t<div class=\"elementor-widget-container\">\n\t\t\t\t\t\t\t\t\t\t\t\t\t\t<a href=\"https:\/\/jupisa.net\/site\/antecipae\/\">\n\t\t\t\t\t\t\t<img fetchpriority=\"high\" decoding=\"async\" width=\"300\" height=\"185\" src=\"https:\/\/jupisa.net\/site\/wp-content\/uploads\/2024\/02\/img_antecipae-1-300x185.png\" class=\"attachment-medium size-medium wp-image-381\" alt=\"\" srcset=\"https:\/\/jupisa.net\/site\/wp-content\/uploads\/2024\/02\/img_antecipae-1-300x185.png 300w, https:\/\/jupisa.net\/site\/wp-content\/uploads\/2024\/02\/img_antecipae-1.png 649w\" sizes=\"(max-width: 300px) 100vw, 300px\" \/>\t\t\t\t\t\t\t\t<\/a>\n\t\t\t\t\t\t\t\t\t\t\t\t\t<\/div>\n\t\t\t\t<\/div>\n\t\t\t\t\t<\/div>\n\t\t<\/div>\n\t\t\t\t<div class=\"elementor-column elementor-col-66 elementor-top-column elementor-element elementor-element-d4bab42\" data-id=\"d4bab42\" data-element_type=\"column\">\n\t\t\t<div class=\"elementor-widget-wrap elementor-element-populated\">\n\t\t\t\t\t\t<div class=\"elementor-element elementor-element-7c82a29 elementor-widget elementor-widget-text-editor\" data-id=\"7c82a29\" data-element_type=\"widget\" data-widget_type=\"text-editor.default\">\n\t\t\t\t<div class=\"elementor-widget-container\">\n\t\t\t\t\t\t\t<h3>Antecipa\u00ea<\/h3>\n<h6><strong>UX \/ UI<\/strong><\/h6>\n<p>Site para empres\u00e1rios solicitarem a antecipa\u00e7\u00e3o de pagamentos de cr\u00e9dito.<\/p>\n<p><a href=\"https:\/\/jupisa.net\/site\/antecipae\/\">ver detalhes<\/a><\/p>\t\t\t\t\t\t<\/div>\n\t\t\t\t<\/div>\n\t\t\t\t\t<\/div>\n\t\t<\/div>\n\t\t\t\t\t<\/div>\n\t\t<\/section>\n\t\t\t\t<section class=\"elementor-section elementor-top-section elementor-element elementor-element-3ff6110 elementor-section-boxed elementor-section-height-default elementor-section-height-default\" data-id=\"3ff6110\" data-element_type=\"section\">\n\t\t\t\t\t\t<div class=\"elementor-container elementor-column-gap-default\">\n\t\t\t\t\t<div class=\"elementor-column elementor-col-33 elementor-top-column elementor-element elementor-element-3908a06\" data-id=\"3908a06\" data-element_type=\"column\">\n\t\t\t<div class=\"elementor-widget-wrap elementor-element-populated\">\n\t\t\t\t\t\t<div class=\"elementor-element elementor-element-0177640 elementor-widget elementor-widget-image\" data-id=\"0177640\" data-element_type=\"widget\" data-widget_type=\"image.default\">\n\t\t\t\t<div class=\"elementor-widget-container\">\n\t\t\t\t\t\t\t\t\t\t\t\t\t\t<a href=\"https:\/\/jupisa.net\/site\/?page_id=315\">\n\t\t\t\t\t\t\t<img decoding=\"async\" width=\"300\" height=\"164\" src=\"https:\/\/jupisa.net\/site\/wp-content\/uploads\/2024\/02\/clubeContador-300x164.png\" class=\"attachment-medium size-medium wp-image-382\" alt=\"\" srcset=\"https:\/\/jupisa.net\/site\/wp-content\/uploads\/2024\/02\/clubeContador-300x164.png 300w, https:\/\/jupisa.net\/site\/wp-content\/uploads\/2024\/02\/clubeContador-768x421.png 768w, https:\/\/jupisa.net\/site\/wp-content\/uploads\/2024\/02\/clubeContador.png 1005w\" sizes=\"(max-width: 300px) 100vw, 300px\" \/>\t\t\t\t\t\t\t\t<\/a>\n\t\t\t\t\t\t\t\t\t\t\t\t\t<\/div>\n\t\t\t\t<\/div>\n\t\t\t\t\t<\/div>\n\t\t<\/div>\n\t\t\t\t<div class=\"elementor-column elementor-col-66 elementor-top-column elementor-element elementor-element-93b71d5\" data-id=\"93b71d5\" data-element_type=\"column\">\n\t\t\t<div class=\"elementor-widget-wrap elementor-element-populated\">\n\t\t\t\t\t\t<div class=\"elementor-element elementor-element-4c2e07b elementor-widget elementor-widget-text-editor\" data-id=\"4c2e07b\" data-element_type=\"widget\" data-widget_type=\"text-editor.default\">\n\t\t\t\t<div class=\"elementor-widget-container\">\n\t\t\t\t\t\t\t<h3>Clube do Contador<\/h3>\n<h6>UI \/ WEBDESIGN<\/h6>\n<p>Site para venda e resgate de pr\u00eamios e comiss\u00f5es contadores associados.<\/p>\n<p><a href=\"https:\/\/jupisa.net\/site\/?page_id=315\">ver detalhes<\/a><\/p>\t\t\t\t\t\t<\/div>\n\t\t\t\t<\/div>\n\t\t\t\t\t<\/div>\n\t\t<\/div>\n\t\t\t\t\t<\/div>\n\t\t<\/section>\n\t\t\t\t<section class=\"elementor-section elementor-top-section elementor-element elementor-element-e897e0e elementor-section-boxed elementor-section-height-default elementor-section-height-default\" data-id=\"e897e0e\" data-element_type=\"section\">\n\t\t\t\t\t\t<div class=\"elementor-container elementor-column-gap-default\">\n\t\t\t\t\t<div class=\"elementor-column elementor-col-33 elementor-top-column elementor-element elementor-element-d70cddd\" data-id=\"d70cddd\" data-element_type=\"column\">\n\t\t\t<div class=\"elementor-widget-wrap elementor-element-populated\">\n\t\t\t\t\t\t<div class=\"elementor-element elementor-element-979cf00 elementor-widget elementor-widget-image\" data-id=\"979cf00\" data-element_type=\"widget\" data-widget_type=\"image.default\">\n\t\t\t\t<div class=\"elementor-widget-container\">\n\t\t\t\t\t\t\t\t\t\t\t\t\t\t<a href=\"https:\/\/jupisa.net\/site\/?page_id=402\">\n\t\t\t\t\t\t\t<img decoding=\"async\" width=\"215\" height=\"300\" src=\"https:\/\/jupisa.net\/site\/wp-content\/uploads\/2021\/05\/cartao-215x300.gif\" class=\"attachment-medium size-medium wp-image-125\" alt=\"\" \/>\t\t\t\t\t\t\t\t<\/a>\n\t\t\t\t\t\t\t\t\t\t\t\t\t<\/div>\n\t\t\t\t<\/div>\n\t\t\t\t\t<\/div>\n\t\t<\/div>\n\t\t\t\t<div class=\"elementor-column elementor-col-66 elementor-top-column elementor-element elementor-element-1cfda52\" data-id=\"1cfda52\" data-element_type=\"column\">\n\t\t\t<div class=\"elementor-widget-wrap elementor-element-populated\">\n\t\t\t\t\t\t<div class=\"elementor-element elementor-element-5d0871a elementor-widget elementor-widget-text-editor\" data-id=\"5d0871a\" data-element_type=\"widget\" data-widget_type=\"text-editor.default\">\n\t\t\t\t<div class=\"elementor-widget-container\">\n\t\t\t\t\t\t\t<h3>SmartCard<\/h3>\n<h6><strong>Impresso<\/strong><\/h6>\n<p>Atualiza\u00e7\u00e3o de layout do smart card (m\u00eddia que carrega ocertificado digital) refor\u00e7ar o branding.<\/p>\n<p><a href=\"https:\/\/jupisa.net\/site\/?page_id=402\">ver detalhes<\/a><\/p>\t\t\t\t\t\t<\/div>\n\t\t\t\t<\/div>\n\t\t\t\t\t<\/div>\n\t\t<\/div>\n\t\t\t\t\t<\/div>\n\t\t<\/section>\n\t\t\t\t<section class=\"elementor-section elementor-top-section elementor-element elementor-element-289cab9 elementor-section-boxed elementor-section-height-default elementor-section-height-default\" data-id=\"289cab9\" data-element_type=\"section\">\n\t\t\t\t\t\t<div class=\"elementor-container elementor-column-gap-default\">\n\t\t\t\t\t<div class=\"elementor-column elementor-col-33 elementor-top-column elementor-element elementor-element-9343b09\" data-id=\"9343b09\" data-element_type=\"column\">\n\t\t\t<div class=\"elementor-widget-wrap elementor-element-populated\">\n\t\t\t\t\t\t<div class=\"elementor-element elementor-element-102b0b5 elementor-widget elementor-widget-image\" data-id=\"102b0b5\" data-element_type=\"widget\" data-widget_type=\"image.default\">\n\t\t\t\t<div class=\"elementor-widget-container\">\n\t\t\t\t\t\t\t\t\t\t\t\t\t\t<a href=\"https:\/\/jupisa.net\/site\/portfolio\/soueco\/\">\n\t\t\t\t\t\t\t<img loading=\"lazy\" decoding=\"async\" width=\"300\" height=\"268\" src=\"https:\/\/jupisa.net\/site\/wp-content\/uploads\/2024\/03\/souEco-300x268.png\" class=\"attachment-medium size-medium wp-image-547\" alt=\"\" srcset=\"https:\/\/jupisa.net\/site\/wp-content\/uploads\/2024\/03\/souEco-300x268.png 300w, https:\/\/jupisa.net\/site\/wp-content\/uploads\/2024\/03\/souEco-1024x914.png 1024w, https:\/\/jupisa.net\/site\/wp-content\/uploads\/2024\/03\/souEco-768x685.png 768w, https:\/\/jupisa.net\/site\/wp-content\/uploads\/2024\/03\/souEco-1536x1371.png 1536w, https:\/\/jupisa.net\/site\/wp-content\/uploads\/2024\/03\/souEco.png 1906w\" sizes=\"(max-width: 300px) 100vw, 300px\" \/>\t\t\t\t\t\t\t\t<\/a>\n\t\t\t\t\t\t\t\t\t\t\t\t\t<\/div>\n\t\t\t\t<\/div>\n\t\t\t\t\t<\/div>\n\t\t<\/div>\n\t\t\t\t<div class=\"elementor-column elementor-col-66 elementor-top-column elementor-element elementor-element-847d040\" data-id=\"847d040\" data-element_type=\"column\">\n\t\t\t<div class=\"elementor-widget-wrap elementor-element-populated\">\n\t\t\t\t\t\t<div class=\"elementor-element elementor-element-f14302c elementor-widget elementor-widget-text-editor\" data-id=\"f14302c\" data-element_type=\"widget\" data-widget_type=\"text-editor.default\">\n\t\t\t\t<div class=\"elementor-widget-container\">\n\t\t\t\t\t\t\t<h3>SouEco<\/h3><h6><strong>Impresso<\/strong><\/h6><p>Cria\u00e7\u00e3o de folheto,\u00a0 cart\u00e3o de visita e adesivo para carro mantendo uma unidade visual com a marca j\u00e1 existente.<\/p><p><a href=\"https:\/\/jupisa.net\/site\/portfolio\/soueco\/\">ver detalhes<\/a><\/p>\t\t\t\t\t\t<\/div>\n\t\t\t\t<\/div>\n\t\t\t\t\t<\/div>\n\t\t<\/div>\n\t\t\t\t\t<\/div>\n\t\t<\/section>\n\t\t<div class=\"elementor-element elementor-element-0df3c06 e-flex e-con-boxed e-con e-parent\" data-id=\"0df3c06\" data-element_type=\"container\">\n\t\t\t\t\t<div class=\"e-con-inner\">\n\t\t\t\t<div class=\"elementor-element elementor-element-5ea603f elementor-widget elementor-widget-spacer\" data-id=\"5ea603f\" data-element_type=\"widget\" data-widget_type=\"spacer.default\">\n\t\t\t\t<div class=\"elementor-widget-container\">\n\t\t\t<style>\/*! elementor - v3.23.0 - 25-07-2024 *\/\n.elementor-column .elementor-spacer-inner{height:var(--spacer-size)}.e-con{--container-widget-width:100%}.e-con-inner>.elementor-widget-spacer,.e-con>.elementor-widget-spacer{width:var(--container-widget-width,var(--spacer-size));--align-self:var(--container-widget-align-self,initial);--flex-shrink:0}.e-con-inner>.elementor-widget-spacer>.elementor-widget-container,.e-con>.elementor-widget-spacer>.elementor-widget-container{height:100%;width:100%}.e-con-inner>.elementor-widget-spacer>.elementor-widget-container>.elementor-spacer,.e-con>.elementor-widget-spacer>.elementor-widget-container>.elementor-spacer{height:100%}.e-con-inner>.elementor-widget-spacer>.elementor-widget-container>.elementor-spacer>.elementor-spacer-inner,.e-con>.elementor-widget-spacer>.elementor-widget-container>.elementor-spacer>.elementor-spacer-inner{height:var(--container-widget-height,var(--spacer-size))}.e-con-inner>.elementor-widget-spacer.elementor-widget-empty,.e-con>.elementor-widget-spacer.elementor-widget-empty{position:relative;min-height:22px;min-width:22px}.e-con-inner>.elementor-widget-spacer.elementor-widget-empty .elementor-widget-empty-icon,.e-con>.elementor-widget-spacer.elementor-widget-empty .elementor-widget-empty-icon{position:absolute;top:0;bottom:0;left:0;right:0;margin:auto;padding:0;width:22px;height:22px}<\/style>\t\t<div class=\"elementor-spacer\">\n\t\t\t<div class=\"elementor-spacer-inner\"><\/div>\n\t\t<\/div>\n\t\t\t\t<\/div>\n\t\t\t\t<\/div>\n\t\t\t\t<div class=\"elementor-element elementor-element-54d2cc2 content-align-cta-default elementor-widget elementor-widget-eael-cta-box\" data-id=\"54d2cc2\" data-element_type=\"widget\" data-widget_type=\"eael-cta-box.default\">\n\t\t\t\t<div class=\"elementor-widget-container\">\n\t\t\t\t\t<div class=\"eael-call-to-action cta-basic bg-lite cta-preset-1\">\n        <h3 class=\"title\">Quer saber mais?<\/h3><p>Se tiver alguma pergunta, entre em contato e ser\u00e1 um prazer conversar =)<\/p><a href=\"https:\/\/jupisa.net\/site\/vamos-conversar\/\" class=\"cta-button  \">vamos conversar?<\/a>\t<\/div>\n\t\t\t\t\t\t<\/div>\n\t\t\t\t<\/div>\n\t\t\t\t\t<\/div>\n\t\t\t\t<\/div>\n\t\t\t\t<\/div>\n\t\t","protected":false},"excerpt":{"rendered":"<p>VisiOne UX \/ UI Teste de vis\u00e3o online para clientes e captura de leads em site de \u00f3tica. ver detalhes Antecipa\u00ea UX \/ UI Site para empres\u00e1rios solicitarem a antecipa\u00e7\u00e3o de pagamentos de cr\u00e9dito. ver detalhes Clube do Contador UI \/ WEBDESIGN Site para venda e resgate de pr\u00eamios e comiss\u00f5es contadores associados. ver detalhes&hellip;&nbsp;<a href=\"https:\/\/jupisa.net\/site\/portfolio\/\" class=\"\" rel=\"bookmark\">Continue a ler &raquo;<span class=\"screen-reader-text\">Portfolio<\/span><\/a><\/p>\n","protected":false},"author":1,"featured_media":0,"parent":0,"menu_order":0,"comment_status":"closed","ping_status":"closed","template":"elementor_theme","meta":{"_eb_attr":"","neve_meta_sidebar":"","neve_meta_container":"","neve_meta_enable_content_width":"","neve_meta_content_width":0,"neve_meta_title_alignment":"","neve_meta_author_avatar":"","neve_post_elements_order":"","neve_meta_disable_header":"","neve_meta_disable_footer":"","neve_meta_disable_title":"on","footnotes":""},"class_list":["post-512","page","type-page","status-publish","hentry"],"_links":{"self":[{"href":"https:\/\/jupisa.net\/site\/wp-json\/wp\/v2\/pages\/512","targetHints":{"allow":["GET"]}}],"collection":[{"href":"https:\/\/jupisa.net\/site\/wp-json\/wp\/v2\/pages"}],"about":[{"href":"https:\/\/jupisa.net\/site\/wp-json\/wp\/v2\/types\/page"}],"author":[{"embeddable":true,"href":"https:\/\/jupisa.net\/site\/wp-json\/wp\/v2\/users\/1"}],"replies":[{"embeddable":true,"href":"https:\/\/jupisa.net\/site\/wp-json\/wp\/v2\/comments?post=512"}],"version-history":[{"count":10,"href":"https:\/\/jupisa.net\/site\/wp-json\/wp\/v2\/pages\/512\/revisions"}],"predecessor-version":[{"id":571,"href":"https:\/\/jupisa.net\/site\/wp-json\/wp\/v2\/pages\/512\/revisions\/571"}],"wp:attachment":[{"href":"https:\/\/jupisa.net\/site\/wp-json\/wp\/v2\/media?parent=512"}],"curies":[{"name":"wp","href":"https:\/\/api.w.org\/{rel}","templated":true}]}}