{"id":402,"date":"2024-02-19T22:45:35","date_gmt":"2024-02-20T01:45:35","guid":{"rendered":"https:\/\/jupisa.net\/site\/?page_id=402"},"modified":"2024-03-04T14:43:04","modified_gmt":"2024-03-04T17:43:04","slug":"smartcard","status":"publish","type":"page","link":"https:\/\/jupisa.net\/site\/portfolio\/smartcard\/","title":{"rendered":"smartcard"},"content":{"rendered":"\t\t<div data-elementor-type=\"wp-page\" data-elementor-id=\"402\" class=\"elementor elementor-402\">\n\t\t\t\t<div class=\"elementor-element elementor-element-2eb6c73d e-flex e-con-boxed e-con e-parent\" data-id=\"2eb6c73d\" data-element_type=\"container\">\n\t\t\t\t\t<div class=\"e-con-inner\">\n\t\t\t\t<div class=\"elementor-element elementor-element-4e5e6956 elementor-widget elementor-widget-text-editor\" data-id=\"4e5e6956\" data-element_type=\"widget\" data-widget_type=\"text-editor.default\">\n\t\t\t\t<div class=\"elementor-widget-container\">\n\t\t\t<style>\/*! elementor - v3.23.0 - 25-07-2024 *\/\n.elementor-widget-text-editor.elementor-drop-cap-view-stacked .elementor-drop-cap{background-color:#69727d;color:#fff}.elementor-widget-text-editor.elementor-drop-cap-view-framed .elementor-drop-cap{color:#69727d;border:3px solid;background-color:transparent}.elementor-widget-text-editor:not(.elementor-drop-cap-view-default) .elementor-drop-cap{margin-top:8px}.elementor-widget-text-editor:not(.elementor-drop-cap-view-default) .elementor-drop-cap-letter{width:1em;height:1em}.elementor-widget-text-editor .elementor-drop-cap{float:left;text-align:center;line-height:1;font-size:50px}.elementor-widget-text-editor .elementor-drop-cap-letter{display:inline-block}<\/style>\t\t\t\t<!-- wp:columns -->\n<div class=\"wp-block-columns\"><!-- wp:column {\"width\":\"33.33%\"} -->\n<div class=\"wp-block-column\" style=\"flex-basis: 33.33%;\"><!-- wp:heading {\"level\":5,\"style\":{\"elements\":{\"link\":{\"color\":{\"text\":\"var:preset|color|neve-link-hover-color\"}}}},\"textColor\":\"neve-link-hover-color\"} -->\n<h5 class=\"wp-block-heading has-neve-link-hover-color-color has-text-color has-link-color\">UI \/ WEBDESIGN &#8211; CertiSign<\/h5>\n<!-- \/wp:heading --><!-- wp:heading {\"style\":{\"elements\":{\"link\":{\"color\":{\"text\":\"var:preset|color|nv-c-2\"}}}},\"textColor\":\"nv-c-2\"} -->\n<h2 class=\"wp-block-heading has-nv-c-2-color has-text-color has-link-color\">Desafio<\/h2>\n<!-- \/wp:heading --><!-- wp:paragraph -->\n<p>Alterar o smartcard para ficar mais elegante, avlorizando mais o produto (certificado digital), agregando mais valor ao produto.<\/p>\n<!-- \/wp:paragraph --><\/div>\n<!-- \/wp:column --><!-- wp:column {\"width\":\"66.66%\"} -->\n<div class=\"wp-block-column\" style=\"flex-basis: 66.66%;\"><!-- wp:image {\"align\":\"center\",\"id\":125,\"width\":\"217px\",\"height\":\"auto\",\"sizeSlug\":\"full\",\"linkDestination\":\"none\"} -->\n<figure class=\"wp-block-image aligncenter size-full is-resized\"><img fetchpriority=\"high\" decoding=\"async\" width=\"658\" height=\"600\" class=\"wp-image-125\" style=\"width: 217px; height: auto;\" src=\"https:\/\/jupisa.net\/site\/wp-content\/uploads\/2021\/05\/cartao.gif\" alt=\"\" \/><\/figure>\n<!-- \/wp:image --><\/div>\n<!-- \/wp:column --><\/div>\n<!-- \/wp:columns --><!-- wp:separator {\"backgroundColor\":\"nv-light-bg\",\"className\":\"is-style-default\"} --><hr class=\"wp-block-separator has-text-color has-nv-light-bg-color has-alpha-channel-opacity has-nv-light-bg-background-color has-background is-style-default\" \/><!-- \/wp:separator --><!-- wp:heading {\"level\":3,\"style\":{\"elements\":{\"link\":{\"color\":{\"text\":\"var:preset|color|nv-c-2\"}}}},\"textColor\":\"nv-c-2\"} -->\n<h3 class=\"wp-block-heading has-nv-c-2-color has-text-color has-link-color\">Layout<\/h3>\n<!-- \/wp:heading --><!-- wp:paragraph -->\n<p>A ideia foi trazer eleg\u00e2ncia e evidenciar a marca.<\/p>\n<!-- \/wp:paragraph --><!-- wp:paragraph -->\n<p>Ao inv\u00e9s de deixar o smart card na horizontal (como se fosse um cart\u00e3o de cr\u00e9dito), a orienta\u00e7\u00e3o de leitura foi alterada para dar uma visibilidade melhor no meomento da utiliza\u00e7\u00e3o (com o leitor de cart\u00e3o).<\/p>\n<!-- \/wp:paragraph --><!-- wp:paragraph -->\n<p>Para dar o toque de eleg\u00e2ncia, foi usado o recurso de verniz de reserva. Deixando a textura j\u00e1 existente mais sutil e diferenciada.<\/p>\n<!-- \/wp:paragraph --><!-- wp:columns -->\n<div class=\"wp-block-columns\"><!-- wp:column -->\n<div class=\"wp-block-column\"><!-- wp:image {\"id\":430,\"sizeSlug\":\"full\",\"linkDestination\":\"none\"} --><\/div>\n<\/div>\n<!-- \/wp:paragraph -->\t\t\t\t\t\t<\/div>\n\t\t\t\t<\/div>\n\t\t\t\t<div class=\"elementor-element elementor-element-1ca1382 eael-flip-box--3d eael-flipbox-content-align-center elementor-widget elementor-widget-eael-flip-box\" data-id=\"1ca1382\" data-element_type=\"widget\" data-widget_type=\"eael-flip-box.default\">\n\t\t\t\t<div class=\"elementor-widget-container\">\n\t\t\t\n        <div class=\"eael-elements-flip-box-container eael-animate-flip eael-animate-left eael-content\">\n\n            <div class=\"eael-elements-flip-box-flip-card\">\n                <div class=\"eael-elements-flip-box-front-container\">\n\n                    \n                        <div class=\"eael-elements-slider-display-table\">\n                            <div class=\"eael-elements-flip-box-vertical-align\">\n                                <div class=\"eael-elements-flip-box-padding\">\n                                    <div class=\"eael-elements-flip-box-icon-image\">\n                                                                                                                                                                        <\/div>\n                                                                        <h4 class=\"eael-elements-flip-box-heading\">SmartCard antigo<\/h4>\n                                                                        <div class=\"eael-elements-flip-box-content\">\n\t                                                                            <p><img decoding=\"async\" class=\"alignnone size-full wp-image-430\" src=\"https:\/\/jupisa.net\/site\/wp-content\/uploads\/2024\/02\/smartCard_frente.png\" alt=\"\" width=\"255\" height=\"165\" \/><\/p>                                    <\/div>\n                                <\/div>\n                            <\/div>\n                        <\/div>\n                                    <\/div>\n\n                <div class=\"eael-elements-flip-box-rear-container\">\n\n                                            <div class=\"eael-elements-slider-display-table\">\n                            <div class=\"eael-elements-flip-box-vertical-align\">\n                                <div class=\"eael-elements-flip-box-padding\">\n                                                                            <div class=\"eael-elements-flip-box-icon-image\">\n                                                                                            <\/div>\n                                                                                                            <h4 class=\"eael-elements-flip-box-heading\">SmartCard novo<\/h4>\n                                                                        <div class=\"eael-elements-flip-box-content\">\n                                                                                <p><img decoding=\"async\" class=\"size-medium wp-image-126 aligncenter\" src=\"https:\/\/jupisa.net\/site\/wp-content\/uploads\/2021\/05\/cartao_2019-194x300.png\" alt=\"\" width=\"194\" height=\"300\" srcset=\"https:\/\/jupisa.net\/site\/wp-content\/uploads\/2021\/05\/cartao_2019-194x300.png 194w, https:\/\/jupisa.net\/site\/wp-content\/uploads\/2021\/05\/cartao_2019-663x1024.png 663w, https:\/\/jupisa.net\/site\/wp-content\/uploads\/2021\/05\/cartao_2019-768x1186.png 768w, https:\/\/jupisa.net\/site\/wp-content\/uploads\/2021\/05\/cartao_2019.png 891w\" sizes=\"(max-width: 194px) 100vw, 194px\" \/><\/p>                                    <\/div>\n\n                                                                    <\/div>\n                            <\/div>\n                        <\/div>\n                                    <\/div>\n            <\/div>\n        <\/div>\n\n\t\t<\/div>\n\t\t\t\t<\/div>\n\t\t\t\t<div class=\"elementor-element elementor-element-92a5a15 elementor-widget elementor-widget-text-editor\" data-id=\"92a5a15\" data-element_type=\"widget\" data-widget_type=\"text-editor.default\">\n\t\t\t\t<div class=\"elementor-widget-container\">\n\t\t\t\t\t\t\t<p>O smartCard foi utilizado entre 2018 e 2020, quando a empresa fez o rebranding e alterou a marca para a atual.<\/p>\t\t\t\t\t\t<\/div>\n\t\t\t\t<\/div>\n\t\t\t\t\t<\/div>\n\t\t\t\t<\/div>\n\t\t\t\t<\/div>\n\t\t","protected":false},"excerpt":{"rendered":"<p>UI \/ WEBDESIGN &#8211; CertiSign Desafio Alterar o smartcard para ficar mais elegante, avlorizando mais o produto (certificado digital), agregando mais valor ao produto. Layout A ideia foi trazer eleg\u00e2ncia e evidenciar a marca. Ao inv\u00e9s de deixar o smart card na horizontal (como se fosse um cart\u00e3o de cr\u00e9dito), a orienta\u00e7\u00e3o de leitura foi&hellip;&nbsp;<a href=\"https:\/\/jupisa.net\/site\/portfolio\/smartcard\/\" class=\"\" rel=\"bookmark\">Continue a ler &raquo;<span class=\"screen-reader-text\">smartcard<\/span><\/a><\/p>\n","protected":false},"author":1,"featured_media":382,"parent":512,"menu_order":0,"comment_status":"closed","ping_status":"closed","template":"","meta":{"_eb_attr":"","neve_meta_sidebar":"","neve_meta_container":"","neve_meta_enable_content_width":"","neve_meta_content_width":0,"neve_meta_title_alignment":"","neve_meta_author_avatar":"","neve_post_elements_order":"","neve_meta_disable_header":"","neve_meta_disable_footer":"","neve_meta_disable_title":"","footnotes":""},"class_list":["post-402","page","type-page","status-publish","has-post-thumbnail","hentry"],"_links":{"self":[{"href":"https:\/\/jupisa.net\/site\/wp-json\/wp\/v2\/pages\/402","targetHints":{"allow":["GET"]}}],"collection":[{"href":"https:\/\/jupisa.net\/site\/wp-json\/wp\/v2\/pages"}],"about":[{"href":"https:\/\/jupisa.net\/site\/wp-json\/wp\/v2\/types\/page"}],"author":[{"embeddable":true,"href":"https:\/\/jupisa.net\/site\/wp-json\/wp\/v2\/users\/1"}],"replies":[{"embeddable":true,"href":"https:\/\/jupisa.net\/site\/wp-json\/wp\/v2\/comments?post=402"}],"version-history":[{"count":8,"href":"https:\/\/jupisa.net\/site\/wp-json\/wp\/v2\/pages\/402\/revisions"}],"predecessor-version":[{"id":491,"href":"https:\/\/jupisa.net\/site\/wp-json\/wp\/v2\/pages\/402\/revisions\/491"}],"up":[{"embeddable":true,"href":"https:\/\/jupisa.net\/site\/wp-json\/wp\/v2\/pages\/512"}],"wp:featuredmedia":[{"embeddable":true,"href":"https:\/\/jupisa.net\/site\/wp-json\/wp\/v2\/media\/382"}],"wp:attachment":[{"href":"https:\/\/jupisa.net\/site\/wp-json\/wp\/v2\/media?parent=402"}],"curies":[{"name":"wp","href":"https:\/\/api.w.org\/{rel}","templated":true}]}}