{"id":377,"date":"2024-02-19T22:21:08","date_gmt":"2024-02-20T01:21:08","guid":{"rendered":"https:\/\/jupisa.net\/site\/?page_id=377"},"modified":"2024-03-05T15:30:28","modified_gmt":"2024-03-05T18:30:28","slug":"antecipae","status":"publish","type":"page","link":"https:\/\/jupisa.net\/site\/portfolio\/antecipae\/","title":{"rendered":"Antecipa\u00ea"},"content":{"rendered":"\n<div class=\"wp-block-columns is-layout-flex wp-container-core-columns-is-layout-9d6595d7 wp-block-columns-is-layout-flex\">\n<div class=\"wp-block-column is-layout-flow wp-block-column-is-layout-flow\" style=\"flex-basis:33.33%\">\n<h5 class=\"wp-block-heading has-nv-c-1-color has-text-color has-link-color wp-elements-21b79f4689ebceb468f0fd359b3efad0\">UX\/UI &#8211; StartBio<\/h5>\n\n\n\n<h2 class=\"wp-block-heading has-nv-c-2-color has-text-color has-link-color wp-elements-c1230ba3c1b2d892770a2f6bc0dc805a\">Desafio<\/h2>\n\n\n\n<p>Criar uma plataforma simples para pequenos empres\u00e1rios solicitarem um adiantamento de boletos futuros.<\/p>\n<\/div>\n\n\n\n<div class=\"wp-block-column is-layout-flow wp-block-column-is-layout-flow\" style=\"flex-basis:66.66%\"><div class=\"wp-block-image\">\n<figure class=\"aligncenter size-full is-resized\"><img fetchpriority=\"high\" decoding=\"async\" width=\"649\" height=\"400\" src=\"https:\/\/jupisa.net\/site\/wp-content\/uploads\/2024\/02\/img_antecipae-1.png\" alt=\"\" class=\"wp-image-381\" style=\"width:447px;height:auto\" srcset=\"https:\/\/jupisa.net\/site\/wp-content\/uploads\/2024\/02\/img_antecipae-1.png 649w, https:\/\/jupisa.net\/site\/wp-content\/uploads\/2024\/02\/img_antecipae-1-300x185.png 300w\" sizes=\"(max-width: 649px) 100vw, 649px\" \/><\/figure>\n<\/div><\/div>\n<\/div>\n\n\n\n<hr class=\"wp-block-separator has-text-color has-nv-light-bg-color has-alpha-channel-opacity has-nv-light-bg-background-color has-background is-style-default\"\/>\n\n\n\n<h2 class=\"wp-block-heading has-nv-c-2-color has-text-color has-link-color wp-elements-e82e32153689bcd82f8ee7259423aa1e\">Processo<\/h2>\n\n\n\n<h4 class=\"wp-block-heading has-neve-link-hover-color-color has-text-color has-link-color wp-elements-5a0dbefa6455680f055a94a9fb0ade8b\">Pesquisa<\/h4>\n\n\n\n<div class=\"wp-block-columns is-layout-flex wp-container-core-columns-is-layout-9d6595d7 wp-block-columns-is-layout-flex\">\n<div class=\"wp-block-column is-layout-flow wp-block-column-is-layout-flow\" style=\"flex-basis:33.33%\">\n<p>Foi feita uma pesquisa inicial, analisando concorrentes e com os usu\u00e1rios (4 entrevistas abertas com donos de pequenas empresas),  para entender as necessidades, dores e  objetivos. <\/p>\n<\/div>\n\n\n\n<div class=\"wp-block-column is-layout-flow wp-block-column-is-layout-flow\" style=\"flex-basis:66.66%\">\n<figure class=\"wp-block-gallery has-nested-images columns-default is-cropped wp-block-gallery-1 is-layout-flex wp-block-gallery-is-layout-flex\">\n<figure class=\"wp-block-image size-large\"><img decoding=\"async\" width=\"1024\" height=\"640\" data-id=\"292\" src=\"https:\/\/jupisa.net\/site\/wp-content\/uploads\/2024\/02\/anteciape_Benchmark-1024x640.png\" alt=\"\" class=\"wp-image-292\" srcset=\"https:\/\/jupisa.net\/site\/wp-content\/uploads\/2024\/02\/anteciape_Benchmark-1024x640.png 1024w, https:\/\/jupisa.net\/site\/wp-content\/uploads\/2024\/02\/anteciape_Benchmark-300x188.png 300w, https:\/\/jupisa.net\/site\/wp-content\/uploads\/2024\/02\/anteciape_Benchmark-768x480.png 768w, https:\/\/jupisa.net\/site\/wp-content\/uploads\/2024\/02\/anteciape_Benchmark.png 1280w\" sizes=\"(max-width: 1024px) 100vw, 1024px\" \/><figcaption class=\"wp-element-caption\">Principais concorrentes<\/figcaption><\/figure>\n\n\n\n<figure class=\"wp-block-image size-large\"><img decoding=\"async\" width=\"1024\" height=\"640\" data-id=\"293\" src=\"https:\/\/jupisa.net\/site\/wp-content\/uploads\/2024\/02\/anteciape_Persona-1024x640.png\" alt=\"\" class=\"wp-image-293\" srcset=\"https:\/\/jupisa.net\/site\/wp-content\/uploads\/2024\/02\/anteciape_Persona-1024x640.png 1024w, https:\/\/jupisa.net\/site\/wp-content\/uploads\/2024\/02\/anteciape_Persona-300x188.png 300w, https:\/\/jupisa.net\/site\/wp-content\/uploads\/2024\/02\/anteciape_Persona-768x480.png 768w, https:\/\/jupisa.net\/site\/wp-content\/uploads\/2024\/02\/anteciape_Persona.png 1280w\" sizes=\"(max-width: 1024px) 100vw, 1024px\" \/><figcaption class=\"wp-element-caption\">Persona<\/figcaption><\/figure>\n<\/figure>\n<\/div>\n<\/div>\n\n\n\n<figure class=\"wp-block-pullquote has-border-color\" style=\"border-color:var(u002du002dnv-light-bg);border-width:1px;font-style:italic;font-weight:400\"><blockquote><p>Como empres\u00e1rio, preciso ver v\u00e1rias op\u00e7\u00f5es para receber antes meus boletos e vendas no cart\u00e3o de cr\u00e9dito, assim posso comparar op\u00e7\u00f5es de valores e prazos num s\u00f3 lugar<\/p><cite>Andr\u00e9 Bartholomeu, empres\u00e1rio<\/cite><\/blockquote><\/figure>\n\n\n\n<h4 class=\"wp-block-heading has-neve-link-hover-color-color has-text-color has-link-color wp-elements-a6f6b611a27760857847a72d83f88374\">Idea\u00e7\u00e3o<\/h4>\n\n\n\n<div class=\"wp-block-columns is-layout-flex wp-container-core-columns-is-layout-9d6595d7 wp-block-columns-is-layout-flex\">\n<div class=\"wp-block-column is-layout-flow wp-block-column-is-layout-flow\">\n<p>Com bases nas informa\u00e7\u00f5es da pesquisa, foram definidos os diferenciais, nome do produto, logotipo de paleta de cores.<\/p>\n\n\n\n<ul class=\"wp-block-list\">\n<li><strong>Biometria e OCR<\/strong><br>Cadastro feito com verifica\u00e7\u00e3o de biometria e OCR dos documentos.<\/li>\n\n\n\n<li><strong>Confiabilidade<\/strong><br>A verifica\u00e7\u00e3o de identidade reduz a fraude, atraindo mais parcerias financeiras.<\/li>\n\n\n\n<li><strong>Comparativo<\/strong><br>Com v\u00e1rias institui\u00e7\u00f5es no sistema, \u00e9 poss\u00edvel comparar v\u00e1rias op\u00e7\u00f5es de juros e prazos na mesma tela.<\/li>\n<\/ul>\n<\/div>\n\n\n\n<div class=\"wp-block-column is-layout-flow wp-block-column-is-layout-flow\">\n<figure class=\"wp-block-image size-large is-resized\"><img loading=\"lazy\" decoding=\"async\" width=\"1024\" height=\"640\" src=\"https:\/\/jupisa.net\/site\/wp-content\/uploads\/2024\/02\/Guide-styleGuide-1024x640.png\" alt=\"\" class=\"wp-image-295\" style=\"width:526px;height:auto\" srcset=\"https:\/\/jupisa.net\/site\/wp-content\/uploads\/2024\/02\/Guide-styleGuide-1024x640.png 1024w, https:\/\/jupisa.net\/site\/wp-content\/uploads\/2024\/02\/Guide-styleGuide-300x188.png 300w, https:\/\/jupisa.net\/site\/wp-content\/uploads\/2024\/02\/Guide-styleGuide-768x480.png 768w, https:\/\/jupisa.net\/site\/wp-content\/uploads\/2024\/02\/Guide-styleGuide.png 1280w\" sizes=\"(max-width: 1024px) 100vw, 1024px\" \/><figcaption class=\"wp-element-caption\">Principais elementos gr\u00e1ficos e  estilos<\/figcaption><\/figure>\n<\/div>\n<\/div>\n\n\n\n<h4 class=\"wp-block-heading has-neve-link-hover-color-color has-text-color has-link-color wp-elements-777b7a0a22befd5fad9f100ae368c251\">Prot\u00f3tipo<\/h4>\n\n\n\n<div class=\"wp-block-essential-blocks-image-gallery\"><div class=\"eb-parent-wrapper eb-parent-eb-image-gallery-hd2kg \"><div class=\"eb-gallery-img-wrapper eb-image-gallery-hd2kg grid overlay-bottom caption-style-0   no-isotope \" data-id=\"eb-image-gallery-hd2kg\"><a href=\"https:\/\/jupisa.net\/site\/wp-content\/uploads\/2024\/02\/Inicial.png\" id=\"eb-gallery-img-content\" data-fslightbox=\"gallery\" data-type=\"image\" class=\"eb-gallery-img-content eb-filter-img-\" rel=\"noopener\"><span class=\"eb-gallery-link-wrapper\"><img decoding=\"async\" class=\"eb-gallery-img\" src=\"https:\/\/jupisa.net\/site\/wp-content\/uploads\/2024\/02\/Inicial.png\" image-index=\"0\" alt=\"\"\/><span class=\"eb-gallery-img-caption center bottom\">Inicial<\/span><\/span><\/a><a href=\"https:\/\/jupisa.net\/site\/wp-content\/uploads\/2024\/02\/Cadatro-1.png\" id=\"eb-gallery-img-content\" data-fslightbox=\"gallery\" data-type=\"image\" class=\"eb-gallery-img-content eb-filter-img-\" rel=\"noopener\"><span class=\"eb-gallery-link-wrapper\"><img decoding=\"async\" class=\"eb-gallery-img\" src=\"https:\/\/jupisa.net\/site\/wp-content\/uploads\/2024\/02\/Cadatro-1.png\" image-index=\"1\" alt=\"\"\/><span class=\"eb-gallery-img-caption center bottom\">cadastro 1<\/span><\/span><\/a><a href=\"https:\/\/jupisa.net\/site\/wp-content\/uploads\/2024\/02\/Cadatro-2.png\" id=\"eb-gallery-img-content\" data-fslightbox=\"gallery\" data-type=\"image\" class=\"eb-gallery-img-content eb-filter-img-\" rel=\"noopener\"><span class=\"eb-gallery-link-wrapper\"><img decoding=\"async\" class=\"eb-gallery-img\" src=\"https:\/\/jupisa.net\/site\/wp-content\/uploads\/2024\/02\/Cadatro-2.png\" image-index=\"2\" alt=\"\"\/><span class=\"eb-gallery-img-caption center bottom\">cadastro 2<\/span><\/span><\/a><a href=\"https:\/\/jupisa.net\/site\/wp-content\/uploads\/2024\/02\/Cadatro-3.png\" id=\"eb-gallery-img-content\" data-fslightbox=\"gallery\" data-type=\"image\" class=\"eb-gallery-img-content eb-filter-img-\" rel=\"noopener\"><span class=\"eb-gallery-link-wrapper\"><img decoding=\"async\" class=\"eb-gallery-img\" src=\"https:\/\/jupisa.net\/site\/wp-content\/uploads\/2024\/02\/Cadatro-3.png\" image-index=\"3\" alt=\"\"\/><span class=\"eb-gallery-img-caption center bottom\">cadastro 3<\/span><\/span><\/a><a href=\"https:\/\/jupisa.net\/site\/wp-content\/uploads\/2024\/02\/Cadatro-4.png\" id=\"eb-gallery-img-content\" data-fslightbox=\"gallery\" data-type=\"image\" class=\"eb-gallery-img-content eb-filter-img-\" rel=\"noopener\"><span class=\"eb-gallery-link-wrapper\"><img decoding=\"async\" class=\"eb-gallery-img\" src=\"https:\/\/jupisa.net\/site\/wp-content\/uploads\/2024\/02\/Cadatro-4.png\" image-index=\"4\" alt=\"\"\/><span class=\"eb-gallery-img-caption center bottom\">cadastro 4<\/span><\/span><\/a><a href=\"https:\/\/jupisa.net\/site\/wp-content\/uploads\/2024\/02\/Cadatro-5.png\" id=\"eb-gallery-img-content\" data-fslightbox=\"gallery\" data-type=\"image\" class=\"eb-gallery-img-content eb-filter-img-\" rel=\"noopener\"><span class=\"eb-gallery-link-wrapper\"><img decoding=\"async\" class=\"eb-gallery-img\" src=\"https:\/\/jupisa.net\/site\/wp-content\/uploads\/2024\/02\/Cadatro-5.png\" image-index=\"5\" alt=\"\"\/><span class=\"eb-gallery-img-caption center bottom\">biometria<\/span><\/span><\/a><a href=\"https:\/\/jupisa.net\/site\/wp-content\/uploads\/2024\/02\/Cadatro-pessoal-resumo.png\" id=\"eb-gallery-img-content\" data-fslightbox=\"gallery\" data-type=\"image\" class=\"eb-gallery-img-content eb-filter-img-\" rel=\"noopener\"><span class=\"eb-gallery-link-wrapper\"><img decoding=\"async\" class=\"eb-gallery-img\" src=\"https:\/\/jupisa.net\/site\/wp-content\/uploads\/2024\/02\/Cadatro-pessoal-resumo.png\" image-index=\"6\" alt=\"\"\/><\/span><\/a><a href=\"https:\/\/jupisa.net\/site\/wp-content\/uploads\/2024\/02\/Cadatro-finalizado.png\" id=\"eb-gallery-img-content\" data-fslightbox=\"gallery\" data-type=\"image\" class=\"eb-gallery-img-content eb-filter-img-\" rel=\"noopener\"><span class=\"eb-gallery-link-wrapper\"><img decoding=\"async\" class=\"eb-gallery-img\" src=\"https:\/\/jupisa.net\/site\/wp-content\/uploads\/2024\/02\/Cadatro-finalizado.png\" image-index=\"7\" alt=\"\"\/><span class=\"eb-gallery-img-caption center bottom\">dados empresa<\/span><\/span><\/a><a href=\"https:\/\/jupisa.net\/site\/wp-content\/uploads\/2024\/02\/Meus-Dados.png\" id=\"eb-gallery-img-content\" data-fslightbox=\"gallery\" data-type=\"image\" class=\"eb-gallery-img-content eb-filter-img-\" rel=\"noopener\"><span class=\"eb-gallery-link-wrapper\"><img decoding=\"async\" class=\"eb-gallery-img\" src=\"https:\/\/jupisa.net\/site\/wp-content\/uploads\/2024\/02\/Meus-Dados.png\" image-index=\"8\" alt=\"\"\/><span class=\"eb-gallery-img-caption center bottom\">Tela usu\u00e1rio<\/span><\/span><\/a><a href=\"https:\/\/jupisa.net\/site\/wp-content\/uploads\/2024\/02\/Tela-recebiveis.png\" id=\"eb-gallery-img-content\" data-fslightbox=\"gallery\" data-type=\"image\" class=\"eb-gallery-img-content eb-filter-img-\" rel=\"noopener\"><span class=\"eb-gallery-link-wrapper\"><img decoding=\"async\" class=\"eb-gallery-img\" src=\"https:\/\/jupisa.net\/site\/wp-content\/uploads\/2024\/02\/Tela-recebiveis.png\" image-index=\"9\" alt=\"\"\/><span class=\"eb-gallery-img-caption center bottom\">tela op\u00e7\u00f5es<\/span><\/span><\/a><a href=\"https:\/\/jupisa.net\/site\/wp-content\/uploads\/2024\/02\/Tela-recebiveis-cadastro-completo.png\" id=\"eb-gallery-img-content\" data-fslightbox=\"gallery\" data-type=\"image\" class=\"eb-gallery-img-content eb-filter-img-\" rel=\"noopener\"><span class=\"eb-gallery-link-wrapper\"><img decoding=\"async\" class=\"eb-gallery-img\" src=\"https:\/\/jupisa.net\/site\/wp-content\/uploads\/2024\/02\/Tela-recebiveis-cadastro-completo.png\" image-index=\"10\" alt=\"\"\/><span class=\"eb-gallery-img-caption center bottom\">detalhes<\/span><\/span><\/a><a href=\"https:\/\/jupisa.net\/site\/wp-content\/uploads\/2024\/02\/Login.png\" id=\"eb-gallery-img-content\" data-fslightbox=\"gallery\" data-type=\"image\" class=\"eb-gallery-img-content eb-filter-img-\" rel=\"noopener\"><span class=\"eb-gallery-link-wrapper\"><img decoding=\"async\" class=\"eb-gallery-img\" src=\"https:\/\/jupisa.net\/site\/wp-content\/uploads\/2024\/02\/Login.png\" image-index=\"11\" alt=\"\"\/><span class=\"eb-gallery-img-caption center bottom\">tela login \/ cadastro<\/span><\/span><\/a><\/div><\/div><\/div>\n\n\n\n<p>O prot\u00f3tipo foi entregue com os c\u00f3digos de desenvolvimento (CSS, fonts e assets) para o desenvolvimento. Para acompanhar as itera\u00e7\u00f5es no desenvovimento, foi sugerido o uso de c\u00f3digos do hotjar e Google Analytics, al\u00e9m de testes presenciais com usu\u00e1rios.<\/p>\n","protected":false},"excerpt":{"rendered":"<p>UX\/UI &#8211; StartBio Desafio Criar uma plataforma simples para pequenos empres\u00e1rios solicitarem um adiantamento de boletos futuros. Processo Pesquisa Foi feita uma pesquisa inicial, analisando concorrentes e com os usu\u00e1rios (4 entrevistas abertas com donos de pequenas empresas), para entender as necessidades, dores e objetivos. Como empres\u00e1rio, preciso ver v\u00e1rias op\u00e7\u00f5es para receber antes meus&hellip;&nbsp;<a href=\"https:\/\/jupisa.net\/site\/portfolio\/antecipae\/\" class=\"\" rel=\"bookmark\">Continue a ler &raquo;<span class=\"screen-reader-text\">Antecipa\u00ea<\/span><\/a><\/p>\n","protected":false},"author":1,"featured_media":311,"parent":512,"menu_order":0,"comment_status":"closed","ping_status":"closed","template":"","meta":{"_eb_attr":"","neve_meta_sidebar":"","neve_meta_container":"","neve_meta_enable_content_width":"","neve_meta_content_width":0,"neve_meta_title_alignment":"","neve_meta_author_avatar":"","neve_post_elements_order":"","neve_meta_disable_header":"","neve_meta_disable_footer":"","neve_meta_disable_title":"","footnotes":""},"class_list":["post-377","page","type-page","status-publish","has-post-thumbnail","hentry"],"_links":{"self":[{"href":"https:\/\/jupisa.net\/site\/wp-json\/wp\/v2\/pages\/377","targetHints":{"allow":["GET"]}}],"collection":[{"href":"https:\/\/jupisa.net\/site\/wp-json\/wp\/v2\/pages"}],"about":[{"href":"https:\/\/jupisa.net\/site\/wp-json\/wp\/v2\/types\/page"}],"author":[{"embeddable":true,"href":"https:\/\/jupisa.net\/site\/wp-json\/wp\/v2\/users\/1"}],"replies":[{"embeddable":true,"href":"https:\/\/jupisa.net\/site\/wp-json\/wp\/v2\/comments?post=377"}],"version-history":[{"count":3,"href":"https:\/\/jupisa.net\/site\/wp-json\/wp\/v2\/pages\/377\/revisions"}],"predecessor-version":[{"id":542,"href":"https:\/\/jupisa.net\/site\/wp-json\/wp\/v2\/pages\/377\/revisions\/542"}],"up":[{"embeddable":true,"href":"https:\/\/jupisa.net\/site\/wp-json\/wp\/v2\/pages\/512"}],"wp:featuredmedia":[{"embeddable":true,"href":"https:\/\/jupisa.net\/site\/wp-json\/wp\/v2\/media\/311"}],"wp:attachment":[{"href":"https:\/\/jupisa.net\/site\/wp-json\/wp\/v2\/media?parent=377"}],"curies":[{"name":"wp","href":"https:\/\/api.w.org\/{rel}","templated":true}]}}