{"id":315,"date":"2024-02-19T15:10:34","date_gmt":"2024-02-19T18:10:34","guid":{"rendered":"https:\/\/jupisa.net\/site\/?page_id=315"},"modified":"2024-03-05T15:34:35","modified_gmt":"2024-03-05T18:34:35","slug":"clube-do-contador","status":"publish","type":"page","link":"https:\/\/jupisa.net\/site\/portfolio\/clube-do-contador\/","title":{"rendered":"Clube do Contador"},"content":{"rendered":"\n<div class=\"wp-block-columns is-layout-flex wp-container-core-columns-is-layout-9d6595d7 wp-block-columns-is-layout-flex\">\n<div class=\"wp-block-column is-layout-flow wp-block-column-is-layout-flow\" style=\"flex-basis:33.33%\">\n<h5 class=\"wp-block-heading has-neve-link-hover-color-color has-text-color has-link-color wp-elements-52f070b39f932e3fcb2bdf4abe3ff99d\">UI \/ WEBDESIGN &#8211; CertiSign<\/h5>\n\n\n\n<h2 class=\"wp-block-heading has-nv-c-2-color has-text-color has-link-color wp-elements-c1230ba3c1b2d892770a2f6bc0dc805a\">Desafio<\/h2>\n\n\n\n<p>Oferta de produtos com desconto e op\u00e7\u00e3o de resgate de pr\u00eamios e comiss\u00e3o por venda.<\/p>\n<\/div>\n\n\n\n<div class=\"wp-block-column is-layout-flow wp-block-column-is-layout-flow\" style=\"flex-basis:66.66%\"><div class=\"wp-block-image\">\n<figure class=\"aligncenter size-full is-resized\"><img fetchpriority=\"high\" decoding=\"async\" width=\"1005\" height=\"551\" src=\"https:\/\/jupisa.net\/site\/wp-content\/uploads\/2024\/02\/clubeContador.png\" alt=\"\" class=\"wp-image-382\" style=\"width:447px;height:auto\" srcset=\"https:\/\/jupisa.net\/site\/wp-content\/uploads\/2024\/02\/clubeContador.png 1005w, https:\/\/jupisa.net\/site\/wp-content\/uploads\/2024\/02\/clubeContador-300x164.png 300w, https:\/\/jupisa.net\/site\/wp-content\/uploads\/2024\/02\/clubeContador-768x421.png 768w\" sizes=\"(max-width: 1005px) 100vw, 1005px\" \/><\/figure>\n<\/div><\/div>\n<\/div>\n\n\n\n<hr class=\"wp-block-separator has-text-color has-nv-light-bg-color has-alpha-channel-opacity has-nv-light-bg-background-color has-background is-style-default\"\/>\n\n\n\n<h2 class=\"wp-block-heading has-nv-c-2-color has-text-color has-link-color wp-elements-e82e32153689bcd82f8ee7259423aa1e\">Processo<\/h2>\n\n\n\n<h4 class=\"wp-block-heading has-neve-link-hover-color-color has-text-color has-link-color wp-elements-5a0dbefa6455680f055a94a9fb0ade8b\">Pesquisa<\/h4>\n\n\n\n<div class=\"wp-block-columns is-layout-flex wp-container-core-columns-is-layout-9d6595d7 wp-block-columns-is-layout-flex\">\n<div class=\"wp-block-column is-layout-flow wp-block-column-is-layout-flow\" style=\"flex-basis:30%\">\n<p>O Clube do Contador j\u00e1 existia h\u00e1 muito anos e era necess\u00e1rio modernizar a apar\u00eancia, com mais destaque para a venda, que antes ficava somente na \u00e1rea logada.<\/p>\n<\/div>\n\n\n\n<div class=\"wp-block-column is-layout-flow wp-block-column-is-layout-flow\" style=\"flex-basis:70%\"><div class=\"wp-block-image\">\n<figure class=\"aligncenter size-large is-resized\"><img decoding=\"async\" width=\"888\" height=\"1024\" src=\"https:\/\/jupisa.net\/site\/wp-content\/uploads\/2024\/02\/FireShot-Capture-004-Clube-do-Contador-Certisign-certisign.clubedocontador.com_.br_-888x1024.png\" alt=\"\" class=\"wp-image-383\" style=\"width:304px;height:auto\" srcset=\"https:\/\/jupisa.net\/site\/wp-content\/uploads\/2024\/02\/FireShot-Capture-004-Clube-do-Contador-Certisign-certisign.clubedocontador.com_.br_-888x1024.png 888w, https:\/\/jupisa.net\/site\/wp-content\/uploads\/2024\/02\/FireShot-Capture-004-Clube-do-Contador-Certisign-certisign.clubedocontador.com_.br_-260x300.png 260w, https:\/\/jupisa.net\/site\/wp-content\/uploads\/2024\/02\/FireShot-Capture-004-Clube-do-Contador-Certisign-certisign.clubedocontador.com_.br_-768x886.png 768w, https:\/\/jupisa.net\/site\/wp-content\/uploads\/2024\/02\/FireShot-Capture-004-Clube-do-Contador-Certisign-certisign.clubedocontador.com_.br_-1331x1536.png 1331w, https:\/\/jupisa.net\/site\/wp-content\/uploads\/2024\/02\/FireShot-Capture-004-Clube-do-Contador-Certisign-certisign.clubedocontador.com_.br_-1775x2048.png 1775w, https:\/\/jupisa.net\/site\/wp-content\/uploads\/2024\/02\/FireShot-Capture-004-Clube-do-Contador-Certisign-certisign.clubedocontador.com_.br_.png 1920w\" sizes=\"(max-width: 888px) 100vw, 888px\" \/><figcaption class=\"wp-element-caption\">Site anterior do Clube do Contador Certisign<\/figcaption><\/figure>\n<\/div><\/div>\n<\/div>\n\n\n\n<h4 class=\"wp-block-heading has-neve-link-hover-color-color has-text-color has-link-color wp-elements-777b7a0a22befd5fad9f100ae368c251\">Prot\u00f3tipo<\/h4>\n\n\n\n<div class=\"wp-block-essential-blocks-image-gallery\"><div class=\"eb-parent-wrapper eb-parent-eb-image-gallery-ycfds \"><div class=\"eb-gallery-img-wrapper eb-image-gallery-ycfds grid overlay-bottom caption-style-0   no-isotope \" data-id=\"eb-image-gallery-ycfds\"><a href=\"https:\/\/jupisa.net\/site\/wp-content\/uploads\/2024\/02\/Captura-de-tela-2024-02-19-155757.png\" id=\"eb-gallery-img-content\" data-fslightbox=\"gallery\" data-type=\"image\" class=\"eb-gallery-img-content eb-filter-img-\" rel=\"noopener\"><span class=\"eb-gallery-link-wrapper\"><img decoding=\"async\" class=\"eb-gallery-img\" src=\"https:\/\/jupisa.net\/site\/wp-content\/uploads\/2024\/02\/Captura-de-tela-2024-02-19-155757.png\" image-index=\"0\" alt=\"\"\/><span class=\"eb-gallery-img-caption center bottom\">fluxo<\/span><\/span><\/a><a href=\"https:\/\/jupisa.net\/site\/wp-content\/uploads\/2024\/02\/clubeContador-1.png\" id=\"eb-gallery-img-content\" data-fslightbox=\"gallery\" data-type=\"image\" class=\"eb-gallery-img-content eb-filter-img-\" rel=\"noopener\"><span class=\"eb-gallery-link-wrapper\"><img decoding=\"async\" class=\"eb-gallery-img\" src=\"https:\/\/jupisa.net\/site\/wp-content\/uploads\/2024\/02\/clubeContador-1.png\" image-index=\"1\" alt=\"\"\/><span class=\"eb-gallery-img-caption center bottom\">home<\/span><\/span><\/a><a href=\"https:\/\/jupisa.net\/site\/wp-content\/uploads\/2024\/02\/contador_Mob.png\" id=\"eb-gallery-img-content\" data-fslightbox=\"gallery\" data-type=\"image\" class=\"eb-gallery-img-content eb-filter-img-\" rel=\"noopener\"><span class=\"eb-gallery-link-wrapper\"><img decoding=\"async\" class=\"eb-gallery-img\" src=\"https:\/\/jupisa.net\/site\/wp-content\/uploads\/2024\/02\/contador_Mob.png\" image-index=\"2\" alt=\"\"\/><span class=\"eb-gallery-img-caption center bottom\">mobile<\/span><\/span><\/a><a href=\"https:\/\/jupisa.net\/site\/wp-content\/uploads\/2024\/02\/clubeContador-\u2013-cadastro_PJ.png\" id=\"eb-gallery-img-content\" data-fslightbox=\"gallery\" data-type=\"image\" class=\"eb-gallery-img-content eb-filter-img-\" rel=\"noopener\"><span class=\"eb-gallery-link-wrapper\"><img decoding=\"async\" class=\"eb-gallery-img\" src=\"https:\/\/jupisa.net\/site\/wp-content\/uploads\/2024\/02\/clubeContador-\u2013-cadastro_PJ.png\" image-index=\"3\" alt=\"\"\/><span class=\"eb-gallery-img-caption center bottom\">cadastro PJ<\/span><\/span><\/a><a href=\"https:\/\/jupisa.net\/site\/wp-content\/uploads\/2024\/02\/clubeContador-\u2013-cadastro_PF.png\" id=\"eb-gallery-img-content\" data-fslightbox=\"gallery\" data-type=\"image\" class=\"eb-gallery-img-content eb-filter-img-\" rel=\"noopener\"><span class=\"eb-gallery-link-wrapper\"><img decoding=\"async\" class=\"eb-gallery-img\" src=\"https:\/\/jupisa.net\/site\/wp-content\/uploads\/2024\/02\/clubeContador-\u2013-cadastro_PF.png\" image-index=\"4\" alt=\"\"\/><span class=\"eb-gallery-img-caption center bottom\">Cadastro PF<\/span><\/span><\/a><a href=\"https:\/\/jupisa.net\/site\/wp-content\/uploads\/2024\/02\/clubeContador-\u2013-resgate.png\" id=\"eb-gallery-img-content\" data-fslightbox=\"gallery\" data-type=\"image\" class=\"eb-gallery-img-content eb-filter-img-\" rel=\"noopener\"><span class=\"eb-gallery-link-wrapper\"><img decoding=\"async\" class=\"eb-gallery-img\" src=\"https:\/\/jupisa.net\/site\/wp-content\/uploads\/2024\/02\/clubeContador-\u2013-resgate.png\" image-index=\"5\" alt=\"\"\/><span class=\"eb-gallery-img-caption center bottom\">Resgate de b\u00f4nus<\/span><\/span><\/a><a href=\"https:\/\/jupisa.net\/site\/wp-content\/uploads\/2024\/02\/clubeContador-\u2013-resgate-completar-cadastro.png\" id=\"eb-gallery-img-content\" data-fslightbox=\"gallery\" data-type=\"image\" class=\"eb-gallery-img-content eb-filter-img-\" rel=\"noopener\"><span class=\"eb-gallery-link-wrapper\"><img decoding=\"async\" class=\"eb-gallery-img\" src=\"https:\/\/jupisa.net\/site\/wp-content\/uploads\/2024\/02\/clubeContador-\u2013-resgate-completar-cadastro.png\" image-index=\"6\" alt=\"\"\/><span class=\"eb-gallery-img-caption center bottom\">resgate &#8211; terminar cadastro<\/span><\/span><\/a><a href=\"https:\/\/jupisa.net\/site\/wp-content\/uploads\/2024\/02\/clubeContador-\u2013-relatorios.png\" id=\"eb-gallery-img-content\" data-fslightbox=\"gallery\" data-type=\"image\" class=\"eb-gallery-img-content eb-filter-img-\" rel=\"noopener\"><span class=\"eb-gallery-link-wrapper\"><img decoding=\"async\" class=\"eb-gallery-img\" src=\"https:\/\/jupisa.net\/site\/wp-content\/uploads\/2024\/02\/clubeContador-\u2013-relatorios.png\" image-index=\"7\" alt=\"\"\/><span class=\"eb-gallery-img-caption center bottom\">relat\u00f3rio<\/span><\/span><\/a><a href=\"https:\/\/jupisa.net\/site\/wp-content\/uploads\/2024\/02\/clubeContador-\u2013-cadastro.png\" id=\"eb-gallery-img-content\" data-fslightbox=\"gallery\" data-type=\"image\" class=\"eb-gallery-img-content eb-filter-img-\" rel=\"noopener\"><span class=\"eb-gallery-link-wrapper\"><img decoding=\"async\" class=\"eb-gallery-img\" src=\"https:\/\/jupisa.net\/site\/wp-content\/uploads\/2024\/02\/clubeContador-\u2013-cadastro.png\" image-index=\"8\" alt=\"\"\/><span class=\"eb-gallery-img-caption center bottom\">cadastro<\/span><\/span><\/a><a href=\"https:\/\/jupisa.net\/site\/wp-content\/uploads\/2024\/02\/clubeContador-\u2013-regulamento.png\" id=\"eb-gallery-img-content\" data-fslightbox=\"gallery\" data-type=\"image\" class=\"eb-gallery-img-content eb-filter-img-\" rel=\"noopener\"><span class=\"eb-gallery-link-wrapper\"><img decoding=\"async\" class=\"eb-gallery-img\" src=\"https:\/\/jupisa.net\/site\/wp-content\/uploads\/2024\/02\/clubeContador-\u2013-regulamento.png\" image-index=\"9\" alt=\"\"\/><\/span><\/a><\/div><\/div><\/div>\n\n\n\n<p>O prot\u00f3tipo serviu como base de aprova\u00e7\u00e3o para os stakeholders do projeto. Por\u00e9m, a empresa adotou uma outra linha de a\u00e7\u00e3o e o Clube do Contador acabou sendo descontinuado e o modelo de neg\u00f3cio de parcerias foi remodelado, juntamente com a nova marca, que entrou em vigor em 2022.<\/p>\n","protected":false},"excerpt":{"rendered":"<p>UI \/ WEBDESIGN &#8211; CertiSign Desafio Oferta de produtos com desconto e op\u00e7\u00e3o de resgate de pr\u00eamios e comiss\u00e3o por venda. Processo Pesquisa O Clube do Contador j\u00e1 existia h\u00e1 muito anos e era necess\u00e1rio modernizar a apar\u00eancia, com mais destaque para a venda, que antes ficava somente na \u00e1rea logada. Prot\u00f3tipo O prot\u00f3tipo serviu&hellip;&nbsp;<a href=\"https:\/\/jupisa.net\/site\/portfolio\/clube-do-contador\/\" class=\"\" rel=\"bookmark\">Continue a ler &raquo;<span class=\"screen-reader-text\">Clube do Contador<\/span><\/a><\/p>\n","protected":false},"author":1,"featured_media":382,"parent":512,"menu_order":0,"comment_status":"closed","ping_status":"closed","template":"","meta":{"_eb_attr":"","neve_meta_sidebar":"","neve_meta_container":"","neve_meta_enable_content_width":"","neve_meta_content_width":0,"neve_meta_title_alignment":"","neve_meta_author_avatar":"","neve_post_elements_order":"","neve_meta_disable_header":"","neve_meta_disable_footer":"","neve_meta_disable_title":"","footnotes":""},"class_list":["post-315","page","type-page","status-publish","has-post-thumbnail","hentry"],"_links":{"self":[{"href":"https:\/\/jupisa.net\/site\/wp-json\/wp\/v2\/pages\/315","targetHints":{"allow":["GET"]}}],"collection":[{"href":"https:\/\/jupisa.net\/site\/wp-json\/wp\/v2\/pages"}],"about":[{"href":"https:\/\/jupisa.net\/site\/wp-json\/wp\/v2\/types\/page"}],"author":[{"embeddable":true,"href":"https:\/\/jupisa.net\/site\/wp-json\/wp\/v2\/users\/1"}],"replies":[{"embeddable":true,"href":"https:\/\/jupisa.net\/site\/wp-json\/wp\/v2\/comments?post=315"}],"version-history":[{"count":6,"href":"https:\/\/jupisa.net\/site\/wp-json\/wp\/v2\/pages\/315\/revisions"}],"predecessor-version":[{"id":544,"href":"https:\/\/jupisa.net\/site\/wp-json\/wp\/v2\/pages\/315\/revisions\/544"}],"up":[{"embeddable":true,"href":"https:\/\/jupisa.net\/site\/wp-json\/wp\/v2\/pages\/512"}],"wp:featuredmedia":[{"embeddable":true,"href":"https:\/\/jupisa.net\/site\/wp-json\/wp\/v2\/media\/382"}],"wp:attachment":[{"href":"https:\/\/jupisa.net\/site\/wp-json\/wp\/v2\/media?parent=315"}],"curies":[{"name":"wp","href":"https:\/\/api.w.org\/{rel}","templated":true}]}}