{"id":113,"date":"2021-05-31T10:08:23","date_gmt":"2021-05-31T13:08:23","guid":{"rendered":"https:\/\/jupisa.net\/site\/?page_id=113"},"modified":"2024-03-04T15:18:03","modified_gmt":"2024-03-04T18:18:03","slug":"experiencia-profissional","status":"publish","type":"page","link":"https:\/\/jupisa.net\/site\/experiencia-profissional\/","title":{"rendered":"Experi\u00eancia Profissional"},"content":{"rendered":"\n<h4 class=\"wp-block-heading has-neve-link-color-color has-text-color has-link-color wp-elements-ec641ef2005da416dd40d3b0393529ba\"><strong>Certisign<\/strong><\/h4>\n\n\n\n<h5 class=\"wp-block-heading\">Designer (<em>Abril 2013&nbsp; &#8211; Setembro 2022<\/em>)<\/h5>\n\n\n\n<p>Contratada como Designer (UX\/UI), para desenvolver layouts de <strong>sites<\/strong> e <strong>e-mail marketings<\/strong> da empresa, migrei para o <strong>material impresso<\/strong>, na cria\u00e7\u00e3o de <strong>folhetos<\/strong> e <strong>stand<\/strong> para eventos, juntamente com um ag\u00eancia de publicidade. O acr\u00e9scimo de uma pessoa \u00e0 equipe &#8211; que ficou sob minha coordena\u00e7\u00e3o, permitiu \u00e0 empresa manter todos os trabalhos institucionais internamente, ganhando agilidade na produ\u00e7\u00e3o, mais coer\u00eancia na comunica\u00e7\u00e3o, al\u00e9m de economia. Ao longo dos anos, com o apoio dos gestores, come\u00e7amos um processo de <strong>moderniza\u00e7\u00e3o<\/strong> e <strong>rebranding<\/strong> da marca, al\u00e9m da cont\u00ednua atua\u00e7\u00e3o com <strong>UX\/UI<\/strong>.<\/p>\n\n\n\n<h4 class=\"wp-block-heading has-neve-link-color-color has-text-color has-link-color wp-elements-568500c2459745f4b3a21a0f700872a7\"><strong>Inspira Tecnologia<\/strong><\/h4>\n\n\n\n<h5 class=\"wp-block-heading\">Gerente de Projetos (<em>Dezembro 2011 &#8211; Janeiro 2013<\/em>)<\/h5>\n\n\n\n<p>Atua\u00e7\u00e3o na comunica\u00e7\u00e3o entre as ag\u00eancias de publicidade (principais clientes) e os desenvolvedores. As atividade mais importantes eram <strong>acompanhar<\/strong> se o <strong>escopo<\/strong> estava sendo atendido e se o <strong>cronograma<\/strong> estava sendo seguido, alertando os gestores internos e o cliente no caso de poss\u00edveis problemas, para que eles fossem evitados ou rapidamente resolvidos.<\/p>\n\n\n\n<h4 class=\"wp-block-heading has-neve-link-color-color has-text-color has-link-color wp-elements-0c16cff558157f3cd3f58869739118a2\"><strong>Sangari Brasil<\/strong><\/h4>\n\n\n\n<h5 class=\"wp-block-heading\">Coordenadora de Projetos Web (<em>Outubro 2006 &#8211; Dezembro 2011<\/em>)<\/h5>\n\n\n\n<p>Contratada como WebDesigner Jr, minha principal atividade era com foco no site Institucional da empresa. Aliando meu interesse sobre a \u00e1rea de ci\u00eancias (minha forma\u00e7\u00e3o inicial), meu conhecimento t\u00e9cnico e a capacidade de comunica\u00e7\u00e3o, eu consegui transitar entre as diferentes \u00e1reas da empresa, participando de um n\u00famero crescente de projetos. Fiz parte das equipes de Web, Pesquisa e Desenvolvimento e de Comunica\u00e7\u00e3o e Marketing, ampliando minha atua\u00e7\u00e3o nos projetos, n\u00e3o somente na execu\u00e7\u00e3o do layout, mas na concep\u00e7\u00e3o, planejamento e acompanhamento do desenvolvimento.<\/p>\n\n\n\n<h3 class=\"wp-block-heading has-neve-link-color-color has-text-color has-link-color wp-elements-61433ae8c4e865e80dc3df54037fcb7e\">2005 &#8211; 2011 | Fili del`Arte<\/h3>\n\n\n\n<h5 class=\"wp-block-heading\">WebDesigner<\/h5>\n\n\n\n<p>Cria\u00e7\u00e3o e desenvolvimento de site Institucional para cada cole\u00e7\u00e3o de primavera \/ ver\u00e3o e outono \/ inverno.<\/p>\n\n\n\n<h4 class=\"wp-block-heading has-neve-link-color-color has-text-color has-link-color wp-elements-5f572e103b0eaacfdcb3695cd11bb7ec\">2001 &#8211; 2005 | Bros. DD Publicidade<\/h4>\n\n\n\n<p>Cria\u00e7\u00e3o e desenvolvimento de sites, hotsites, CDROMs e Jogos. Produtos para clientes como: Cartoon Network, TNT, Ford, Motorola e Kaiser. <\/p>\n\n\n\n<h4 class=\"wp-block-heading has-neve-link-color-color has-text-color has-link-color wp-elements-37dd2bc23e85555d968fe0e6e95c70ae\">2000 &#8211; 2001 | Y2K Comunica\u00e7\u00f5es Multim\u00eddia<\/h4>\n\n\n\n<p>Cria\u00e7\u00e3o e desenvolvimento de sites, hotsites.Desenvolvimento de layout, tratamento de imagens, HTML . Integra\u00e7\u00e3o de aplica\u00e7\u00f5es em Flash com PHP<\/p>\n\n\n\n<h4 class=\"wp-block-heading has-neve-link-color-color has-text-color has-link-color wp-elements-1a37baba7d40b945c747f4e99f87c6f8\">1999 &#8211; 2000 | Casablanca Service Provider<\/h4>\n\n\n\n<p>Implementa\u00e7\u00e3o do site institucional, intranet, WebMail, cria\u00e7\u00e3o de sites para clientes e manuten\u00e7\u00e3o de clientes antigos.<\/p>\n\n\n\n<h4 class=\"wp-block-heading has-neve-link-color-color has-text-color has-link-color wp-elements-ed1db12b84c8c6befaa36b192c72ed15\">1999 | Dominium<\/h4>\n\n\n\n<p>Cria\u00e7\u00e3o de layouts, constru\u00e7\u00e3o e manuten\u00e7\u00e3o de sites.<\/p>\n\n\n\n<h4 class=\"wp-block-heading has-neve-link-color-color has-text-color has-link-color wp-elements-31b54b0837aa6d3174ccc3192f436337\">1998 | NetCompany<\/h4>\n\n\n\n<p>Desenvolvimento de layout, constru\u00e7\u00e3o e atualiza\u00e7\u00e3o dos sites da empresa.<\/p>\n\n\n\n<h4 class=\"wp-block-heading has-neve-link-color-color has-text-color has-link-color wp-elements-c7780ae1eaa14334b9fa13eded7632f4\">1997-1998 | Instituto de Bioci\u00eancias &#8211; USP<\/h4>\n\n\n\n<p>Bolsista do SIAE (Sistema Integrado de Apoio ao Ensino, das Pr\u00f3-Reitorias de Gradua\u00e7\u00e3o e P\u00f3s-Gradua\u00e7\u00e3o) para a constru\u00e7\u00e3o do Atlas de Anatomia Vegetal.<\/p>\n","protected":false},"excerpt":{"rendered":"<p>Certisign Designer (Abril 2013&nbsp; &#8211; Setembro 2022) Contratada como Designer (UX\/UI), para desenvolver layouts de sites e e-mail marketings da empresa, migrei para o material impresso, na cria\u00e7\u00e3o de folhetos e stand para eventos, juntamente com um ag\u00eancia de publicidade. O acr\u00e9scimo de uma pessoa \u00e0 equipe &#8211; que ficou sob minha coordena\u00e7\u00e3o, permitiu \u00e0&hellip;&nbsp;<a href=\"https:\/\/jupisa.net\/site\/experiencia-profissional\/\" class=\"\" rel=\"bookmark\">Continue a ler &raquo;<span class=\"screen-reader-text\">Experi\u00eancia Profissional<\/span><\/a><\/p>\n","protected":false},"author":1,"featured_media":0,"parent":0,"menu_order":0,"comment_status":"closed","ping_status":"closed","template":"","meta":{"_eb_attr":"","neve_meta_sidebar":"full-width","neve_meta_container":"","neve_meta_enable_content_width":"on","neve_meta_content_width":100,"neve_meta_title_alignment":"","neve_meta_author_avatar":"","neve_post_elements_order":"","neve_meta_disable_header":"","neve_meta_disable_footer":"","neve_meta_disable_title":"","footnotes":""},"class_list":["post-113","page","type-page","status-publish","hentry"],"_links":{"self":[{"href":"https:\/\/jupisa.net\/site\/wp-json\/wp\/v2\/pages\/113","targetHints":{"allow":["GET"]}}],"collection":[{"href":"https:\/\/jupisa.net\/site\/wp-json\/wp\/v2\/pages"}],"about":[{"href":"https:\/\/jupisa.net\/site\/wp-json\/wp\/v2\/types\/page"}],"author":[{"embeddable":true,"href":"https:\/\/jupisa.net\/site\/wp-json\/wp\/v2\/users\/1"}],"replies":[{"embeddable":true,"href":"https:\/\/jupisa.net\/site\/wp-json\/wp\/v2\/comments?post=113"}],"version-history":[{"count":7,"href":"https:\/\/jupisa.net\/site\/wp-json\/wp\/v2\/pages\/113\/revisions"}],"predecessor-version":[{"id":531,"href":"https:\/\/jupisa.net\/site\/wp-json\/wp\/v2\/pages\/113\/revisions\/531"}],"wp:attachment":[{"href":"https:\/\/jupisa.net\/site\/wp-json\/wp\/v2\/media?parent=113"}],"curies":[{"name":"wp","href":"https:\/\/api.w.org\/{rel}","templated":true}]}}