{"id":111,"date":"2021-05-31T10:07:12","date_gmt":"2021-05-31T13:07:12","guid":{"rendered":"https:\/\/jupisa.net\/site\/?page_id=111"},"modified":"2021-07-03T11:43:19","modified_gmt":"2021-07-03T14:43:19","slug":"formacao-e-cursos","status":"publish","type":"page","link":"https:\/\/jupisa.net\/site\/formacao-e-cursos\/","title":{"rendered":"Forma\u00e7\u00e3o e Cursos"},"content":{"rendered":"\n<h3 class=\"wp-block-heading\">Forma\u00e7\u00e3o Acad\u00eamica<\/h3>\n\n\n\n<h6 class=\"wp-block-heading\">Especializa\u00e7\u00e3o<\/h6>\n\n\n\n<h5 class=\"wp-block-heading\">Introdu\u00e7\u00e3o \u00e0 Ger\u00eancia de Projetos, FGV, 2010<\/h5>\n\n\n\n<p>Trabalho \u201cImplantando a filosofia do gerenciamento de projetos em organiza\u00e7\u00f5es de pequeno e m\u00e9dio porte\u201d<\/p>\n\n\n\n<h6 class=\"wp-block-heading\">P\u00f3s Gradua\u00e7\u00e3o<\/h6>\n\n\n\n<h4 class=\"wp-block-heading\">M\u00eddias Interativas, SENAC, 2006-2008<\/h4>\n\n\n\n<p>Monografia \u201cA arte transg\u00eanica de Eduardo Kac: uma perspectiva biol\u00f3gica\u201d<\/p>\n\n\n\n<h6 class=\"wp-block-heading\">Bacharel<\/h6>\n\n\n\n<h4 class=\"wp-block-heading\">Ci\u00eancias Biol\u00f3gicas pela Universidade de S\u00e3o Paulo (USP)<\/h4>\n\n\n\n<p>Projeto em Biologia &#8211; 041.0511 (monografia) intitulado \u201cAtlas de Anatomia Vegetal para Internet\u201d, sob orienta\u00e7\u00e3o da Profa Dra Jane E. Kraus, vinculado ao Sistema Integrado de Apoio ao Ensino (SIAE) &#8211; USP.<\/p>\n\n\n\n<h3 class=\"wp-block-heading\">Cursos<\/h3>\n\n\n\n<ul class=\"wp-block-list\"><li><strong>UX \/ UI: Fundamentos para o design de interface<\/strong>, USP, 2021<\/li><li><strong>De CX a UX Design \u2013 Prototipa\u00e7\u00e3o da Jornada do Usu\u00e1rio<\/strong>, ESPM, 2020<\/li><li><strong>DESIGNER GR\u00c1FICO EDITORIAL<\/strong>, SENAI, 2017<\/li><li>PRODU\u00c7\u00c3O GR\u00c1FICA, SENAI, 2017<\/li><li>HIST\u00d3RIA DA ARTE OCIDENTAL, MuBE, 2009<\/li><li>DIAGRAMA\u00c7\u00c3O E DIRE\u00c7\u00c3O DE ARTE, Belas Artes, 2009<\/li><li>ADOBE FLEX: B\u00c1SICO, ENG. 2007<\/li><li>ADOBE FLEX: AVAN\u00c7ADO, ENG. 2007<\/li><li>FLASH VIDEO, ENG. 2007<\/li><li>PHP e MySQL, Instituto de Matem\u00e1tica e Estat\u00edstica da Universidade de S\u00e3o Paulo (IMEUSP). 2006<\/li><li>INTRODU\u00c7\u00c3O A PROGRAMA\u00c7\u00c3O, Instituto de Matem\u00e1tica e Estat\u00edstica da Universidade de S\u00e3o Paulo (IME-USP). 2005<\/li><li>MACROMEDIA DIRECTOR, Multim\u00eddia Caf\u00e9. 2003.<\/li><li>Disciplina optativa COMPUTA\u00c7\u00c3O APLICADA \u00c0 BIOLOGIA, Instituto de Bioci\u00eancias da Universidade de S\u00e3o Paulo (IB-USP). 1998<\/li><li>COMPUTA\u00c7\u00c3O INSTRUMENTAL &#8211; EXCEL AVAN\u00c7ADO, Instituto de Matem\u00e1tica e Estat\u00edstica da Universidade de S\u00e3o Paulo (IME-USP). 1998<\/li><li>HTML B\u00c1SICO E INTRODU\u00c7\u00c3O AO CGI, Instituto de Matem\u00e1tica e Estat\u00edstica da Universidade de S\u00e3o Paulo (IME-USP). 1997<\/li><li>WORD, Instituto de Matem\u00e1tica e Estat\u00edstica da Universidade de S\u00e3o Paulo (IME-USP). 1996<\/li><li>EXCEL, Instituto de Matem\u00e1tica e Estat\u00edstica da Universidade de S\u00e3o Paulo (IME-USP). 1996<\/li><li>INTERNET E SEU USO, Instituto de Matem\u00e1tica e Estat\u00edstica da Universidade de S\u00e3o Paulo (IME-USP). 1996<\/li><\/ul>\n\n\n\n<h3 class=\"wp-block-heading\">Idiomas<\/h3>\n\n\n\n<p><strong>Ingl\u00eas<\/strong>: Leitura, conversa\u00e7\u00e3o e tradu\u00e7\u00e3o<\/p>\n\n\n\n<p><strong>Italiano<\/strong>: Leitura, conversa\u00e7\u00e3o b\u00e1sica<\/p>\n","protected":false},"excerpt":{"rendered":"<p>Forma\u00e7\u00e3o Acad\u00eamica Especializa\u00e7\u00e3o Introdu\u00e7\u00e3o \u00e0 Ger\u00eancia de Projetos, FGV, 2010 Trabalho \u201cImplantando a filosofia do gerenciamento de projetos em organiza\u00e7\u00f5es de pequeno e m\u00e9dio porte\u201d P\u00f3s Gradua\u00e7\u00e3o M\u00eddias Interativas, SENAC, 2006-2008 Monografia \u201cA arte transg\u00eanica de Eduardo Kac: uma perspectiva biol\u00f3gica\u201d Bacharel Ci\u00eancias Biol\u00f3gicas pela Universidade de S\u00e3o Paulo (USP) Projeto em Biologia &#8211; 041.0511&hellip;&nbsp;<a href=\"https:\/\/jupisa.net\/site\/formacao-e-cursos\/\" class=\"\" rel=\"bookmark\">Continue a ler &raquo;<span class=\"screen-reader-text\">Forma\u00e7\u00e3o e Cursos<\/span><\/a><\/p>\n","protected":false},"author":1,"featured_media":0,"parent":0,"menu_order":0,"comment_status":"closed","ping_status":"closed","template":"","meta":{"_eb_attr":"","neve_meta_sidebar":"full-width","neve_meta_container":"","neve_meta_enable_content_width":"on","neve_meta_content_width":100,"neve_meta_title_alignment":"","neve_meta_author_avatar":"","neve_post_elements_order":"","neve_meta_disable_header":"","neve_meta_disable_footer":"","neve_meta_disable_title":"","footnotes":""},"class_list":["post-111","page","type-page","status-publish","hentry"],"_links":{"self":[{"href":"https:\/\/jupisa.net\/site\/wp-json\/wp\/v2\/pages\/111","targetHints":{"allow":["GET"]}}],"collection":[{"href":"https:\/\/jupisa.net\/site\/wp-json\/wp\/v2\/pages"}],"about":[{"href":"https:\/\/jupisa.net\/site\/wp-json\/wp\/v2\/types\/page"}],"author":[{"embeddable":true,"href":"https:\/\/jupisa.net\/site\/wp-json\/wp\/v2\/users\/1"}],"replies":[{"embeddable":true,"href":"https:\/\/jupisa.net\/site\/wp-json\/wp\/v2\/comments?post=111"}],"version-history":[{"count":4,"href":"https:\/\/jupisa.net\/site\/wp-json\/wp\/v2\/pages\/111\/revisions"}],"predecessor-version":[{"id":201,"href":"https:\/\/jupisa.net\/site\/wp-json\/wp\/v2\/pages\/111\/revisions\/201"}],"wp:attachment":[{"href":"https:\/\/jupisa.net\/site\/wp-json\/wp\/v2\/media?parent=111"}],"curies":[{"name":"wp","href":"https:\/\/api.w.org\/{rel}","templated":true}]}}